{"id":114363,"date":"2025-10-04T09:41:36","date_gmt":"2025-10-04T09:41:36","guid":{"rendered":"https:\/\/casafreitas.pt\/loja\/produto\/pack-2-filtros-com-rosca-fp-filtro-a1\/"},"modified":"2025-10-24T02:48:07","modified_gmt":"2025-10-24T02:48:07","slug":"pack-2-filtros-com-rosca-fp-filtro-a1","status":"publish","type":"product","link":"https:\/\/casafreitas.pt\/loja\/produto\/pack-2-filtros-com-rosca-fp-filtro-a1\/","title":{"rendered":"Pack 2 filtros com rosca fp filtro a1"},"content":{"rendered":"","protected":false},"excerpt":{"rendered":"<p>Pack 2 filtros com rosca fp filtro a1. filtro fp de rosca para meia mascara breath. filtro a1 (gases e vapores org\u00e2nicos classe 1). usos e aplica\u00e7\u00f5es: pintura e decora\u00e7\u00e3o em exteriores, fabrica\u00e7\u00e3o (ve\u00edculos, barcos, tintas e pigmentos, adesivos, resinas, acetatos), manuten\u00e7\u00e3o com presen\u00e7a de mat\u00e9ria org\u00e2nica (maus odores, pesca, gasolinas, \u00e1lcool et\u00edlico)<\/p>\n","protected":false},"featured_media":114362,"comment_status":"open","ping_status":"closed","template":"","meta":[],"product_brand":[],"product_cat":[17604,18004],"product_tag":[],"class_list":{"0":"post-114363","1":"product","2":"type-product","3":"status-publish","4":"has-post-thumbnail","6":"product_cat-mascaras-construcao","7":"product_cat-construcao","9":"first","10":"instock","11":"taxable","12":"shipping-taxable","13":"purchasable","14":"product-type-simple"},"_links":{"self":[{"href":"https:\/\/casafreitas.pt\/loja\/wp-json\/wp\/v2\/product\/114363","targetHints":{"allow":["GET"]}}],"collection":[{"href":"https:\/\/casafreitas.pt\/loja\/wp-json\/wp\/v2\/product"}],"about":[{"href":"https:\/\/casafreitas.pt\/loja\/wp-json\/wp\/v2\/types\/product"}],"replies":[{"embeddable":true,"href":"https:\/\/casafreitas.pt\/loja\/wp-json\/wp\/v2\/comments?post=114363"}],"version-history":[{"count":1,"href":"https:\/\/casafreitas.pt\/loja\/wp-json\/wp\/v2\/product\/114363\/revisions"}],"predecessor-version":[{"id":114364,"href":"https:\/\/casafreitas.pt\/loja\/wp-json\/wp\/v2\/product\/114363\/revisions\/114364"}],"wp:featuredmedia":[{"embeddable":true,"href":"https:\/\/casafreitas.pt\/loja\/wp-json\/wp\/v2\/media\/114362"}],"wp:attachment":[{"href":"https:\/\/casafreitas.pt\/loja\/wp-json\/wp\/v2\/media?parent=114363"}],"wp:term":[{"taxonomy":"product_brand","embeddable":true,"href":"https:\/\/casafreitas.pt\/loja\/wp-json\/wp\/v2\/product_brand?post=114363"},{"taxonomy":"product_cat","embeddable":true,"href":"https:\/\/casafreitas.pt\/loja\/wp-json\/wp\/v2\/product_cat?post=114363"},{"taxonomy":"product_tag","embeddable":true,"href":"https:\/\/casafreitas.pt\/loja\/wp-json\/wp\/v2\/product_tag?post=114363"}],"curies":[{"name":"wp","href":"https:\/\/api.w.org\/{rel}","templated":true}]}}