{"id":114042,"date":"2025-10-04T09:17:13","date_gmt":"2025-10-04T09:17:13","guid":{"rendered":"https:\/\/casafreitas.pt\/loja\/produto\/coracao-inflavel\/"},"modified":"2025-10-24T02:47:42","modified_gmt":"2025-10-24T02:47:42","slug":"coracao-inflavel","status":"publish","type":"product","link":"https:\/\/casafreitas.pt\/loja\/produto\/coracao-inflavel\/","title":{"rendered":"Cora\u00e7\u00e3o infl\u00e1vel"},"content":{"rendered":"","protected":false},"excerpt":{"rendered":"<p>B\u00f3ia de piscina em forma de cora\u00e7\u00e3o, feita em vinil de 11 ga de espessura. tem elementos transparentes. dimens\u00f5es: 168 x 142 cm. cont\u00e9m remedio de repara\u00e7\u00e3o<\/p>\n","protected":false},"featured_media":114041,"comment_status":"open","ping_status":"closed","template":"","meta":[],"product_brand":[],"product_cat":[17822,18009],"product_tag":[],"class_list":{"0":"post-114042","1":"product","2":"type-product","3":"status-publish","4":"has-post-thumbnail","6":"product_cat-boias-colchoes-jardim-e-espaco-exterior","7":"product_cat-jardim-espaco-exterior","9":"first","10":"instock","11":"taxable","12":"shipping-taxable","13":"purchasable","14":"product-type-simple"},"_links":{"self":[{"href":"https:\/\/casafreitas.pt\/loja\/wp-json\/wp\/v2\/product\/114042","targetHints":{"allow":["GET"]}}],"collection":[{"href":"https:\/\/casafreitas.pt\/loja\/wp-json\/wp\/v2\/product"}],"about":[{"href":"https:\/\/casafreitas.pt\/loja\/wp-json\/wp\/v2\/types\/product"}],"replies":[{"embeddable":true,"href":"https:\/\/casafreitas.pt\/loja\/wp-json\/wp\/v2\/comments?post=114042"}],"version-history":[{"count":1,"href":"https:\/\/casafreitas.pt\/loja\/wp-json\/wp\/v2\/product\/114042\/revisions"}],"predecessor-version":[{"id":114043,"href":"https:\/\/casafreitas.pt\/loja\/wp-json\/wp\/v2\/product\/114042\/revisions\/114043"}],"wp:featuredmedia":[{"embeddable":true,"href":"https:\/\/casafreitas.pt\/loja\/wp-json\/wp\/v2\/media\/114041"}],"wp:attachment":[{"href":"https:\/\/casafreitas.pt\/loja\/wp-json\/wp\/v2\/media?parent=114042"}],"wp:term":[{"taxonomy":"product_brand","embeddable":true,"href":"https:\/\/casafreitas.pt\/loja\/wp-json\/wp\/v2\/product_brand?post=114042"},{"taxonomy":"product_cat","embeddable":true,"href":"https:\/\/casafreitas.pt\/loja\/wp-json\/wp\/v2\/product_cat?post=114042"},{"taxonomy":"product_tag","embeddable":true,"href":"https:\/\/casafreitas.pt\/loja\/wp-json\/wp\/v2\/product_tag?post=114042"}],"curies":[{"name":"wp","href":"https:\/\/api.w.org\/{rel}","templated":true}]}}