{"id":114027,"date":"2025-10-04T09:16:09","date_gmt":"2025-10-04T09:16:09","guid":{"rendered":"https:\/\/casafreitas.pt\/loja\/produto\/piscina-dino\/"},"modified":"2025-10-28T23:39:14","modified_gmt":"2025-10-28T23:39:14","slug":"piscina-dino","status":"publish","type":"product","link":"https:\/\/casafreitas.pt\/loja\/produto\/piscina-dino\/","title":{"rendered":"Piscina dino"},"content":{"rendered":"","protected":false},"excerpt":{"rendered":"<p>Play center piscina insufl\u00e1vel, redonda para crian\u00e7as. inclui um tobo\u00e1gua, uma palmeira com borrifador e um dinossauro insufl\u00e1vel. compat\u00edvel com mangueira de jardim: pulverizador embutido liga-se \u00e0 mangueira. especifica\u00e7\u00f5es: filtro necess\u00e1rio: n\u00e3o; patch de repara\u00e7\u00e3o inclu\u00eddo; capacidade: 1-2 crian\u00e7as; material: vinil com revestimento em vinil; idade: 2+; cor: multi. dimens\u00f5es: 191 x 152 x 58 cm<\/p>\n","protected":false},"featured_media":114026,"comment_status":"open","ping_status":"closed","template":"","meta":[],"product_brand":[],"product_cat":[18037,18009],"product_tag":[],"class_list":{"0":"post-114027","1":"product","2":"type-product","3":"status-publish","4":"has-post-thumbnail","6":"product_cat-piscinas","7":"product_cat-jardim-espaco-exterior","9":"first","10":"instock","11":"taxable","12":"shipping-taxable","13":"purchasable","14":"product-type-simple"},"_links":{"self":[{"href":"https:\/\/casafreitas.pt\/loja\/wp-json\/wp\/v2\/product\/114027","targetHints":{"allow":["GET"]}}],"collection":[{"href":"https:\/\/casafreitas.pt\/loja\/wp-json\/wp\/v2\/product"}],"about":[{"href":"https:\/\/casafreitas.pt\/loja\/wp-json\/wp\/v2\/types\/product"}],"replies":[{"embeddable":true,"href":"https:\/\/casafreitas.pt\/loja\/wp-json\/wp\/v2\/comments?post=114027"}],"version-history":[{"count":1,"href":"https:\/\/casafreitas.pt\/loja\/wp-json\/wp\/v2\/product\/114027\/revisions"}],"predecessor-version":[{"id":114028,"href":"https:\/\/casafreitas.pt\/loja\/wp-json\/wp\/v2\/product\/114027\/revisions\/114028"}],"wp:featuredmedia":[{"embeddable":true,"href":"https:\/\/casafreitas.pt\/loja\/wp-json\/wp\/v2\/media\/114026"}],"wp:attachment":[{"href":"https:\/\/casafreitas.pt\/loja\/wp-json\/wp\/v2\/media?parent=114027"}],"wp:term":[{"taxonomy":"product_brand","embeddable":true,"href":"https:\/\/casafreitas.pt\/loja\/wp-json\/wp\/v2\/product_brand?post=114027"},{"taxonomy":"product_cat","embeddable":true,"href":"https:\/\/casafreitas.pt\/loja\/wp-json\/wp\/v2\/product_cat?post=114027"},{"taxonomy":"product_tag","embeddable":true,"href":"https:\/\/casafreitas.pt\/loja\/wp-json\/wp\/v2\/product_tag?post=114027"}],"curies":[{"name":"wp","href":"https:\/\/api.w.org\/{rel}","templated":true}]}}