{"id":114021,"date":"2025-10-04T09:15:42","date_gmt":"2025-10-04T09:15:42","guid":{"rendered":"https:\/\/casafreitas.pt\/loja\/produto\/prancha-paddle-surf-305-sup-vermelha\/"},"modified":"2025-10-24T02:47:41","modified_gmt":"2025-10-24T02:47:41","slug":"prancha-paddle-surf-305-sup-vermelha","status":"publish","type":"product","link":"https:\/\/casafreitas.pt\/loja\/produto\/prancha-paddle-surf-305-sup-vermelha\/","title":{"rendered":"Prancha paddle surf 305 sup vermelha"},"content":{"rendered":"","protected":false},"excerpt":{"rendered":"<p>Prancha de paddle surf insufl\u00e1vel, possui tr\u00eas quilhas, duas pequenas fixas e uma maior. possui um cord\u00e3o na frontal com um comprimento de 2,3 m. tem um len\u00e7ol antiderrapante. cont\u00e9m uma mochila, p\u00e1 telesc\u00f3pica em alum\u00ednio (m\u00edn. 1,70 m \/ m\u00e1x. 2,1 m), bomba de infla\u00e7\u00e3o e kit de repara\u00e7\u00e3o. 305 cm x 71 cm x 10 cm<\/p>\n","protected":false},"featured_media":114020,"comment_status":"open","ping_status":"closed","template":"","meta":[],"product_brand":[],"product_cat":[17822,18009],"product_tag":[],"class_list":{"0":"post-114021","1":"product","2":"type-product","3":"status-publish","4":"has-post-thumbnail","6":"product_cat-boias-colchoes-jardim-e-espaco-exterior","7":"product_cat-jardim-espaco-exterior","9":"first","10":"instock","11":"taxable","12":"shipping-taxable","13":"purchasable","14":"product-type-simple"},"_links":{"self":[{"href":"https:\/\/casafreitas.pt\/loja\/wp-json\/wp\/v2\/product\/114021","targetHints":{"allow":["GET"]}}],"collection":[{"href":"https:\/\/casafreitas.pt\/loja\/wp-json\/wp\/v2\/product"}],"about":[{"href":"https:\/\/casafreitas.pt\/loja\/wp-json\/wp\/v2\/types\/product"}],"replies":[{"embeddable":true,"href":"https:\/\/casafreitas.pt\/loja\/wp-json\/wp\/v2\/comments?post=114021"}],"version-history":[{"count":1,"href":"https:\/\/casafreitas.pt\/loja\/wp-json\/wp\/v2\/product\/114021\/revisions"}],"predecessor-version":[{"id":114022,"href":"https:\/\/casafreitas.pt\/loja\/wp-json\/wp\/v2\/product\/114021\/revisions\/114022"}],"wp:featuredmedia":[{"embeddable":true,"href":"https:\/\/casafreitas.pt\/loja\/wp-json\/wp\/v2\/media\/114020"}],"wp:attachment":[{"href":"https:\/\/casafreitas.pt\/loja\/wp-json\/wp\/v2\/media?parent=114021"}],"wp:term":[{"taxonomy":"product_brand","embeddable":true,"href":"https:\/\/casafreitas.pt\/loja\/wp-json\/wp\/v2\/product_brand?post=114021"},{"taxonomy":"product_cat","embeddable":true,"href":"https:\/\/casafreitas.pt\/loja\/wp-json\/wp\/v2\/product_cat?post=114021"},{"taxonomy":"product_tag","embeddable":true,"href":"https:\/\/casafreitas.pt\/loja\/wp-json\/wp\/v2\/product_tag?post=114021"}],"curies":[{"name":"wp","href":"https:\/\/api.w.org\/{rel}","templated":true}]}}