{"id":113979,"date":"2025-10-04T09:12:38","date_gmt":"2025-10-04T09:12:38","guid":{"rendered":"https:\/\/casafreitas.pt\/loja\/produto\/algicida-5-l-super-concentrado\/"},"modified":"2025-11-21T22:01:00","modified_gmt":"2025-11-21T22:01:00","slug":"algicida-5-l-super-concentrado","status":"publish","type":"product","link":"https:\/\/casafreitas.pt\/loja\/produto\/algicida-5-l-super-concentrado\/","title":{"rendered":"Algicida 5 l. super concentrado"},"content":{"rendered":"","protected":false},"excerpt":{"rendered":"<p>Algicida 5 l. super concentrado especial para piscinas salina e eletr\u00f3lise de poli\u00e9ster, forro. l\u00edquido de ac\u00e7\u00e3o r\u00e1pida e duradouro capaz de evitar a forma\u00e7\u00e3o e desenvolvimento de algas na piscina por mais tempo. sem sulfato de cobre<\/p>\n","protected":false},"featured_media":113978,"comment_status":"open","ping_status":"closed","template":"","meta":[],"product_brand":[],"product_cat":[17852,18009],"product_tag":[],"class_list":{"0":"post-113979","1":"product","2":"type-product","3":"status-publish","4":"has-post-thumbnail","6":"product_cat-produtos-quimicos-para-piscinas-jardim-e-espaco-exterior","7":"product_cat-jardim-espaco-exterior","9":"first","10":"instock","11":"taxable","12":"shipping-taxable","13":"purchasable","14":"product-type-simple"},"_links":{"self":[{"href":"https:\/\/casafreitas.pt\/loja\/wp-json\/wp\/v2\/product\/113979","targetHints":{"allow":["GET"]}}],"collection":[{"href":"https:\/\/casafreitas.pt\/loja\/wp-json\/wp\/v2\/product"}],"about":[{"href":"https:\/\/casafreitas.pt\/loja\/wp-json\/wp\/v2\/types\/product"}],"replies":[{"embeddable":true,"href":"https:\/\/casafreitas.pt\/loja\/wp-json\/wp\/v2\/comments?post=113979"}],"version-history":[{"count":1,"href":"https:\/\/casafreitas.pt\/loja\/wp-json\/wp\/v2\/product\/113979\/revisions"}],"predecessor-version":[{"id":113980,"href":"https:\/\/casafreitas.pt\/loja\/wp-json\/wp\/v2\/product\/113979\/revisions\/113980"}],"wp:featuredmedia":[{"embeddable":true,"href":"https:\/\/casafreitas.pt\/loja\/wp-json\/wp\/v2\/media\/113978"}],"wp:attachment":[{"href":"https:\/\/casafreitas.pt\/loja\/wp-json\/wp\/v2\/media?parent=113979"}],"wp:term":[{"taxonomy":"product_brand","embeddable":true,"href":"https:\/\/casafreitas.pt\/loja\/wp-json\/wp\/v2\/product_brand?post=113979"},{"taxonomy":"product_cat","embeddable":true,"href":"https:\/\/casafreitas.pt\/loja\/wp-json\/wp\/v2\/product_cat?post=113979"},{"taxonomy":"product_tag","embeddable":true,"href":"https:\/\/casafreitas.pt\/loja\/wp-json\/wp\/v2\/product_tag?post=113979"}],"curies":[{"name":"wp","href":"https:\/\/api.w.org\/{rel}","templated":true}]}}