{"id":113916,"date":"2025-10-04T09:07:57","date_gmt":"2025-10-04T09:07:57","guid":{"rendered":"https:\/\/casafreitas.pt\/loja\/produto\/chapeu-de-sol-praia-desenho-mandala-modelos-sortidos-o200x215cm\/"},"modified":"2025-10-24T02:47:35","modified_gmt":"2025-10-24T02:47:35","slug":"chapeu-de-sol-praia-desenho-mandala-modelos-sortidos-o200x215cm","status":"publish","type":"product","link":"https:\/\/casafreitas.pt\/loja\/produto\/chapeu-de-sol-praia-desenho-mandala-modelos-sortidos-o200x215cm\/","title":{"rendered":"Chap\u00e9u-de-sol de praia. desenho mandala. modelos sortidos \u00f8200x215cm"},"content":{"rendered":"","protected":false},"excerpt":{"rendered":"<p>Chap\u00e9u-de-sol de praia. desenho mandala. modelos sortidos \u00f8200x215cm(diametro\/altura)<\/p>\n","protected":false},"featured_media":113915,"comment_status":"open","ping_status":"closed","template":"","meta":[],"product_brand":[],"product_cat":[17840,18009],"product_tag":[],"class_list":{"0":"post-113916","1":"product","2":"type-product","3":"status-publish","4":"has-post-thumbnail","6":"product_cat-guarda-sol-esteira-jardim-e-espaco-exterior","7":"product_cat-jardim-espaco-exterior","9":"first","10":"instock","11":"taxable","12":"shipping-taxable","13":"purchasable","14":"product-type-simple"},"_links":{"self":[{"href":"https:\/\/casafreitas.pt\/loja\/wp-json\/wp\/v2\/product\/113916","targetHints":{"allow":["GET"]}}],"collection":[{"href":"https:\/\/casafreitas.pt\/loja\/wp-json\/wp\/v2\/product"}],"about":[{"href":"https:\/\/casafreitas.pt\/loja\/wp-json\/wp\/v2\/types\/product"}],"replies":[{"embeddable":true,"href":"https:\/\/casafreitas.pt\/loja\/wp-json\/wp\/v2\/comments?post=113916"}],"version-history":[{"count":1,"href":"https:\/\/casafreitas.pt\/loja\/wp-json\/wp\/v2\/product\/113916\/revisions"}],"predecessor-version":[{"id":113917,"href":"https:\/\/casafreitas.pt\/loja\/wp-json\/wp\/v2\/product\/113916\/revisions\/113917"}],"wp:featuredmedia":[{"embeddable":true,"href":"https:\/\/casafreitas.pt\/loja\/wp-json\/wp\/v2\/media\/113915"}],"wp:attachment":[{"href":"https:\/\/casafreitas.pt\/loja\/wp-json\/wp\/v2\/media?parent=113916"}],"wp:term":[{"taxonomy":"product_brand","embeddable":true,"href":"https:\/\/casafreitas.pt\/loja\/wp-json\/wp\/v2\/product_brand?post=113916"},{"taxonomy":"product_cat","embeddable":true,"href":"https:\/\/casafreitas.pt\/loja\/wp-json\/wp\/v2\/product_cat?post=113916"},{"taxonomy":"product_tag","embeddable":true,"href":"https:\/\/casafreitas.pt\/loja\/wp-json\/wp\/v2\/product_tag?post=113916"}],"curies":[{"name":"wp","href":"https:\/\/api.w.org\/{rel}","templated":true}]}}