{"id":113532,"date":"2025-10-02T03:20:47","date_gmt":"2025-10-02T03:20:47","guid":{"rendered":"https:\/\/casafreitas.pt\/loja\/produto\/escova-piscina-classic-255-x-145-x-45-cm\/"},"modified":"2025-10-24T02:47:26","modified_gmt":"2025-10-24T02:47:26","slug":"escova-piscina-classic-255-x-145-x-45-cm","status":"publish","type":"product","link":"https:\/\/casafreitas.pt\/loja\/produto\/escova-piscina-classic-255-x-145-x-45-cm\/","title":{"rendered":"Escova de piscina classic 25,5 x 14,5 x 4,5 cm"},"content":{"rendered":"","protected":false},"excerpt":{"rendered":"<p>Escova de piscina classic. liga\u00e7\u00e3o r\u00e1pida. adapt\u00e1vel \u00e0s principais marcas. material: polipropileno. medidas: 25,5 x 14,5 x 4,5 cm, liga\u00e7\u00e3o de poste \u00f82,8 cm<\/p>\n","protected":false},"featured_media":113531,"comment_status":"open","ping_status":"closed","template":"","meta":[],"product_brand":[],"product_cat":[13203,18009],"product_tag":[],"class_list":{"0":"post-113532","1":"product","2":"type-product","3":"status-publish","4":"has-post-thumbnail","6":"product_cat-acessorios-para-piscinas","7":"product_cat-jardim-espaco-exterior","9":"first","10":"instock","11":"taxable","12":"shipping-taxable","13":"purchasable","14":"product-type-simple"},"_links":{"self":[{"href":"https:\/\/casafreitas.pt\/loja\/wp-json\/wp\/v2\/product\/113532","targetHints":{"allow":["GET"]}}],"collection":[{"href":"https:\/\/casafreitas.pt\/loja\/wp-json\/wp\/v2\/product"}],"about":[{"href":"https:\/\/casafreitas.pt\/loja\/wp-json\/wp\/v2\/types\/product"}],"replies":[{"embeddable":true,"href":"https:\/\/casafreitas.pt\/loja\/wp-json\/wp\/v2\/comments?post=113532"}],"version-history":[{"count":1,"href":"https:\/\/casafreitas.pt\/loja\/wp-json\/wp\/v2\/product\/113532\/revisions"}],"predecessor-version":[{"id":113533,"href":"https:\/\/casafreitas.pt\/loja\/wp-json\/wp\/v2\/product\/113532\/revisions\/113533"}],"wp:featuredmedia":[{"embeddable":true,"href":"https:\/\/casafreitas.pt\/loja\/wp-json\/wp\/v2\/media\/113531"}],"wp:attachment":[{"href":"https:\/\/casafreitas.pt\/loja\/wp-json\/wp\/v2\/media?parent=113532"}],"wp:term":[{"taxonomy":"product_brand","embeddable":true,"href":"https:\/\/casafreitas.pt\/loja\/wp-json\/wp\/v2\/product_brand?post=113532"},{"taxonomy":"product_cat","embeddable":true,"href":"https:\/\/casafreitas.pt\/loja\/wp-json\/wp\/v2\/product_cat?post=113532"},{"taxonomy":"product_tag","embeddable":true,"href":"https:\/\/casafreitas.pt\/loja\/wp-json\/wp\/v2\/product_tag?post=113532"}],"curies":[{"name":"wp","href":"https:\/\/api.w.org\/{rel}","templated":true}]}}