{"id":112893,"date":"2025-10-02T02:30:26","date_gmt":"2025-10-02T02:30:26","guid":{"rendered":"https:\/\/casafreitas.pt\/loja\/produto\/t-shirt-zanzibar-azul-royal-tamanho-xl\/"},"modified":"2025-10-24T02:46:37","modified_gmt":"2025-10-24T02:46:37","slug":"t-shirt-zanzibar-azul-royal-tamanho-xl","status":"publish","type":"product","link":"https:\/\/casafreitas.pt\/loja\/produto\/t-shirt-zanzibar-azul-royal-tamanho-xl\/","title":{"rendered":"T-shirt zanzibar azul royal tamanho xl"},"content":{"rendered":"","protected":false},"excerpt":{"rendered":"<p>T-shirt zanzibar azul royal tamanho xl. t-shirt de algod\u00e3o de uma s\u00f3 cor. area de uso: constru\u00e7\u00e3o, industria e logistica. n\u00e3o se pode detetar mediante detetor de metais<\/p>\n","protected":false},"featured_media":112892,"comment_status":"open","ping_status":"closed","template":"","meta":[],"product_brand":[],"product_cat":[17666,18004],"product_tag":[],"class_list":{"0":"post-112893","1":"product","2":"type-product","3":"status-publish","4":"has-post-thumbnail","6":"product_cat-t-shirt-camisola-polo-camisolas-construcao","7":"product_cat-construcao","9":"first","10":"instock","11":"taxable","12":"shipping-taxable","13":"purchasable","14":"product-type-simple"},"_links":{"self":[{"href":"https:\/\/casafreitas.pt\/loja\/wp-json\/wp\/v2\/product\/112893","targetHints":{"allow":["GET"]}}],"collection":[{"href":"https:\/\/casafreitas.pt\/loja\/wp-json\/wp\/v2\/product"}],"about":[{"href":"https:\/\/casafreitas.pt\/loja\/wp-json\/wp\/v2\/types\/product"}],"replies":[{"embeddable":true,"href":"https:\/\/casafreitas.pt\/loja\/wp-json\/wp\/v2\/comments?post=112893"}],"version-history":[{"count":1,"href":"https:\/\/casafreitas.pt\/loja\/wp-json\/wp\/v2\/product\/112893\/revisions"}],"predecessor-version":[{"id":112894,"href":"https:\/\/casafreitas.pt\/loja\/wp-json\/wp\/v2\/product\/112893\/revisions\/112894"}],"wp:featuredmedia":[{"embeddable":true,"href":"https:\/\/casafreitas.pt\/loja\/wp-json\/wp\/v2\/media\/112892"}],"wp:attachment":[{"href":"https:\/\/casafreitas.pt\/loja\/wp-json\/wp\/v2\/media?parent=112893"}],"wp:term":[{"taxonomy":"product_brand","embeddable":true,"href":"https:\/\/casafreitas.pt\/loja\/wp-json\/wp\/v2\/product_brand?post=112893"},{"taxonomy":"product_cat","embeddable":true,"href":"https:\/\/casafreitas.pt\/loja\/wp-json\/wp\/v2\/product_cat?post=112893"},{"taxonomy":"product_tag","embeddable":true,"href":"https:\/\/casafreitas.pt\/loja\/wp-json\/wp\/v2\/product_tag?post=112893"}],"curies":[{"name":"wp","href":"https:\/\/api.w.org\/{rel}","templated":true}]}}