{"id":112707,"date":"2025-10-02T02:16:49","date_gmt":"2025-10-02T02:16:49","guid":{"rendered":"https:\/\/casafreitas.pt\/loja\/produto\/calcas-dortmund-azul-marinho-tamanho-50\/"},"modified":"2025-10-24T02:46:24","modified_gmt":"2025-10-24T02:46:24","slug":"calcas-dortmund-azul-marinho-tamanho-50","status":"publish","type":"product","link":"https:\/\/casafreitas.pt\/loja\/produto\/calcas-dortmund-azul-marinho-tamanho-50\/","title":{"rendered":"Cal\u00e7as dortmund azul marinho tamanho 50"},"content":{"rendered":"","protected":false},"excerpt":{"rendered":"<p>Cal\u00e7as dortmund azul marinho tamanho 50. bolso largo para ferramentas na perna esquerda, 2 bolsos deanteiro, 2 bolsos traseiros, bolso porta metro, bolso para joelheiras com posi\u00e7\u00e3o ajustavel, boa resistencia \u00e0s abras\u00f5es, boa resistencia \u00e0s lavagens, cintura ajustavel, corte ergonomico, passador porta martelo, tecido elastico, triple costura nas partes de maior desgaste. composi\u00e7\u00e3o 70% algod\u00e3o 27% poliester 3% elastano. 330g\/m\u00b2<\/p>\n","protected":false},"featured_media":112706,"comment_status":"open","ping_status":"closed","template":"","meta":[],"product_brand":[],"product_cat":[17531,18004],"product_tag":[],"class_list":{"0":"post-112707","1":"product","2":"type-product","3":"status-publish","4":"has-post-thumbnail","6":"product_cat-calcas-bermudas-macacoes-construcao","7":"product_cat-construcao","9":"first","10":"instock","11":"taxable","12":"shipping-taxable","13":"purchasable","14":"product-type-simple"},"_links":{"self":[{"href":"https:\/\/casafreitas.pt\/loja\/wp-json\/wp\/v2\/product\/112707","targetHints":{"allow":["GET"]}}],"collection":[{"href":"https:\/\/casafreitas.pt\/loja\/wp-json\/wp\/v2\/product"}],"about":[{"href":"https:\/\/casafreitas.pt\/loja\/wp-json\/wp\/v2\/types\/product"}],"replies":[{"embeddable":true,"href":"https:\/\/casafreitas.pt\/loja\/wp-json\/wp\/v2\/comments?post=112707"}],"version-history":[{"count":1,"href":"https:\/\/casafreitas.pt\/loja\/wp-json\/wp\/v2\/product\/112707\/revisions"}],"predecessor-version":[{"id":112708,"href":"https:\/\/casafreitas.pt\/loja\/wp-json\/wp\/v2\/product\/112707\/revisions\/112708"}],"wp:featuredmedia":[{"embeddable":true,"href":"https:\/\/casafreitas.pt\/loja\/wp-json\/wp\/v2\/media\/112706"}],"wp:attachment":[{"href":"https:\/\/casafreitas.pt\/loja\/wp-json\/wp\/v2\/media?parent=112707"}],"wp:term":[{"taxonomy":"product_brand","embeddable":true,"href":"https:\/\/casafreitas.pt\/loja\/wp-json\/wp\/v2\/product_brand?post=112707"},{"taxonomy":"product_cat","embeddable":true,"href":"https:\/\/casafreitas.pt\/loja\/wp-json\/wp\/v2\/product_cat?post=112707"},{"taxonomy":"product_tag","embeddable":true,"href":"https:\/\/casafreitas.pt\/loja\/wp-json\/wp\/v2\/product_tag?post=112707"}],"curies":[{"name":"wp","href":"https:\/\/api.w.org\/{rel}","templated":true}]}}