{"id":112635,"date":"2025-10-02T02:11:30","date_gmt":"2025-10-02T02:11:30","guid":{"rendered":"https:\/\/casafreitas.pt\/loja\/produto\/colete-expert-azul-marinho-preto-tamanho-48\/"},"modified":"2025-10-24T02:46:20","modified_gmt":"2025-10-24T02:46:20","slug":"colete-expert-azul-marinho-preto-tamanho-48","status":"publish","type":"product","link":"https:\/\/casafreitas.pt\/loja\/produto\/colete-expert-azul-marinho-preto-tamanho-48\/","title":{"rendered":"Colete expert azul marinho preto tamanho 48"},"content":{"rendered":"","protected":false},"excerpt":{"rendered":"<p>Colete expert azul marinho preto tamanho 48. 1 bolso traseiro, 2 bolsos deanteiros amplos um com fecho, 3 bolsos com zip, 4 bolsos aberturas laterais na cintura e porta cart\u00f5es. composi\u00e7\u00e3o 60% algod\u00e3o 40% poliester. 245g\/m\u00b2<\/p>\n","protected":false},"featured_media":112634,"comment_status":"open","ping_status":"closed","template":"","meta":[],"product_brand":[],"product_cat":[17541,18004],"product_tag":[],"class_list":{"0":"post-112635","1":"product","2":"type-product","3":"status-publish","4":"has-post-thumbnail","6":"product_cat-coletes-casacos-refletivas-construcao","7":"product_cat-construcao","9":"first","10":"instock","11":"taxable","12":"shipping-taxable","13":"purchasable","14":"product-type-simple"},"_links":{"self":[{"href":"https:\/\/casafreitas.pt\/loja\/wp-json\/wp\/v2\/product\/112635","targetHints":{"allow":["GET"]}}],"collection":[{"href":"https:\/\/casafreitas.pt\/loja\/wp-json\/wp\/v2\/product"}],"about":[{"href":"https:\/\/casafreitas.pt\/loja\/wp-json\/wp\/v2\/types\/product"}],"replies":[{"embeddable":true,"href":"https:\/\/casafreitas.pt\/loja\/wp-json\/wp\/v2\/comments?post=112635"}],"version-history":[{"count":1,"href":"https:\/\/casafreitas.pt\/loja\/wp-json\/wp\/v2\/product\/112635\/revisions"}],"predecessor-version":[{"id":112636,"href":"https:\/\/casafreitas.pt\/loja\/wp-json\/wp\/v2\/product\/112635\/revisions\/112636"}],"wp:featuredmedia":[{"embeddable":true,"href":"https:\/\/casafreitas.pt\/loja\/wp-json\/wp\/v2\/media\/112634"}],"wp:attachment":[{"href":"https:\/\/casafreitas.pt\/loja\/wp-json\/wp\/v2\/media?parent=112635"}],"wp:term":[{"taxonomy":"product_brand","embeddable":true,"href":"https:\/\/casafreitas.pt\/loja\/wp-json\/wp\/v2\/product_brand?post=112635"},{"taxonomy":"product_cat","embeddable":true,"href":"https:\/\/casafreitas.pt\/loja\/wp-json\/wp\/v2\/product_cat?post=112635"},{"taxonomy":"product_tag","embeddable":true,"href":"https:\/\/casafreitas.pt\/loja\/wp-json\/wp\/v2\/product_tag?post=112635"}],"curies":[{"name":"wp","href":"https:\/\/api.w.org\/{rel}","templated":true}]}}