{"id":112554,"date":"2025-10-02T02:05:36","date_gmt":"2025-10-02T02:05:36","guid":{"rendered":"https:\/\/casafreitas.pt\/loja\/produto\/calcas-hagfors-cinzento-escuro-preto-tamanho-50\/"},"modified":"2025-10-24T02:46:12","modified_gmt":"2025-10-24T02:46:12","slug":"calcas-hagfors-cinzento-escuro-preto-tamanho-50","status":"publish","type":"product","link":"https:\/\/casafreitas.pt\/loja\/produto\/calcas-hagfors-cinzento-escuro-preto-tamanho-50\/","title":{"rendered":"Cal\u00e7as hagfors cinzento escuro preto tamanho 50"},"content":{"rendered":"","protected":false},"excerpt":{"rendered":"<p>Cal\u00e7as hagfors cinzento escuro preto tamanho 50, 2 bolsos deanteiros amplos, bolso lateral com dupla abertura (fecho com velcro e zip), bolso porta martelo, corte ergonomico das pernas e joelhos, bolso duplo posterior com velcro, inser\u00e7\u00f5es refletantes, passador porta-martelo, tecido elastico. composi\u00e7\u00e3o: 94% nylon, 6% elastano. 250g\/m\u00b2<\/p>\n","protected":false},"featured_media":112553,"comment_status":"open","ping_status":"closed","template":"","meta":[],"product_brand":[],"product_cat":[17531,18004],"product_tag":[],"class_list":{"0":"post-112554","1":"product","2":"type-product","3":"status-publish","4":"has-post-thumbnail","6":"product_cat-calcas-bermudas-macacoes-construcao","7":"product_cat-construcao","9":"first","10":"instock","11":"taxable","12":"shipping-taxable","13":"purchasable","14":"product-type-simple"},"_links":{"self":[{"href":"https:\/\/casafreitas.pt\/loja\/wp-json\/wp\/v2\/product\/112554","targetHints":{"allow":["GET"]}}],"collection":[{"href":"https:\/\/casafreitas.pt\/loja\/wp-json\/wp\/v2\/product"}],"about":[{"href":"https:\/\/casafreitas.pt\/loja\/wp-json\/wp\/v2\/types\/product"}],"replies":[{"embeddable":true,"href":"https:\/\/casafreitas.pt\/loja\/wp-json\/wp\/v2\/comments?post=112554"}],"version-history":[{"count":1,"href":"https:\/\/casafreitas.pt\/loja\/wp-json\/wp\/v2\/product\/112554\/revisions"}],"predecessor-version":[{"id":112555,"href":"https:\/\/casafreitas.pt\/loja\/wp-json\/wp\/v2\/product\/112554\/revisions\/112555"}],"wp:featuredmedia":[{"embeddable":true,"href":"https:\/\/casafreitas.pt\/loja\/wp-json\/wp\/v2\/media\/112553"}],"wp:attachment":[{"href":"https:\/\/casafreitas.pt\/loja\/wp-json\/wp\/v2\/media?parent=112554"}],"wp:term":[{"taxonomy":"product_brand","embeddable":true,"href":"https:\/\/casafreitas.pt\/loja\/wp-json\/wp\/v2\/product_brand?post=112554"},{"taxonomy":"product_cat","embeddable":true,"href":"https:\/\/casafreitas.pt\/loja\/wp-json\/wp\/v2\/product_cat?post=112554"},{"taxonomy":"product_tag","embeddable":true,"href":"https:\/\/casafreitas.pt\/loja\/wp-json\/wp\/v2\/product_tag?post=112554"}],"curies":[{"name":"wp","href":"https:\/\/api.w.org\/{rel}","templated":true}]}}