{"id":112533,"date":"2025-10-02T02:00:30","date_gmt":"2025-10-02T02:00:30","guid":{"rendered":"https:\/\/casafreitas.pt\/loja\/produto\/bermuda-kediri-azul-marinho-preto-tamanho-56\/"},"modified":"2025-10-24T02:46:10","modified_gmt":"2025-10-24T02:46:10","slug":"bermuda-kediri-azul-marinho-preto-tamanho-56","status":"publish","type":"product","link":"https:\/\/casafreitas.pt\/loja\/produto\/bermuda-kediri-azul-marinho-preto-tamanho-56\/","title":{"rendered":"Bermuda kediri azul marinho preto tamanho 56"},"content":{"rendered":"","protected":false},"excerpt":{"rendered":"<p>Bermuda kediri azul marinho preto tamanho 56, 2 bolsos deanteiros amplos, bolso lateral direito com fecho com snap, bolso lateral esquerdo com abertura dupla (fecho com snap + zip), bolso traseiro duplo com snap, passador porta martelo, tecido com alta percep\u00e7\u00e3o elastica.. composi\u00e7\u00e3o: 60% algod\u00e3o, 37% poliester, 3% elastano. 245g\/m\u00b2<\/p>\n","protected":false},"featured_media":112532,"comment_status":"open","ping_status":"closed","template":"","meta":[],"product_brand":[],"product_cat":[17531,18004],"product_tag":[],"class_list":{"0":"post-112533","1":"product","2":"type-product","3":"status-publish","4":"has-post-thumbnail","6":"product_cat-calcas-bermudas-macacoes-construcao","7":"product_cat-construcao","9":"first","10":"instock","11":"taxable","12":"shipping-taxable","13":"purchasable","14":"product-type-simple"},"_links":{"self":[{"href":"https:\/\/casafreitas.pt\/loja\/wp-json\/wp\/v2\/product\/112533","targetHints":{"allow":["GET"]}}],"collection":[{"href":"https:\/\/casafreitas.pt\/loja\/wp-json\/wp\/v2\/product"}],"about":[{"href":"https:\/\/casafreitas.pt\/loja\/wp-json\/wp\/v2\/types\/product"}],"replies":[{"embeddable":true,"href":"https:\/\/casafreitas.pt\/loja\/wp-json\/wp\/v2\/comments?post=112533"}],"version-history":[{"count":1,"href":"https:\/\/casafreitas.pt\/loja\/wp-json\/wp\/v2\/product\/112533\/revisions"}],"predecessor-version":[{"id":112534,"href":"https:\/\/casafreitas.pt\/loja\/wp-json\/wp\/v2\/product\/112533\/revisions\/112534"}],"wp:featuredmedia":[{"embeddable":true,"href":"https:\/\/casafreitas.pt\/loja\/wp-json\/wp\/v2\/media\/112532"}],"wp:attachment":[{"href":"https:\/\/casafreitas.pt\/loja\/wp-json\/wp\/v2\/media?parent=112533"}],"wp:term":[{"taxonomy":"product_brand","embeddable":true,"href":"https:\/\/casafreitas.pt\/loja\/wp-json\/wp\/v2\/product_brand?post=112533"},{"taxonomy":"product_cat","embeddable":true,"href":"https:\/\/casafreitas.pt\/loja\/wp-json\/wp\/v2\/product_cat?post=112533"},{"taxonomy":"product_tag","embeddable":true,"href":"https:\/\/casafreitas.pt\/loja\/wp-json\/wp\/v2\/product_tag?post=112533"}],"curies":[{"name":"wp","href":"https:\/\/api.w.org\/{rel}","templated":true}]}}