{"id":112437,"date":"2025-10-02T01:53:01","date_gmt":"2025-10-02T01:53:01","guid":{"rendered":"https:\/\/casafreitas.pt\/loja\/produto\/casaco-forro-polar-rider-azul-marinho-preto-tamanho-s\/"},"modified":"2025-10-24T02:46:03","modified_gmt":"2025-10-24T02:46:03","slug":"casaco-forro-polar-rider-azul-marinho-preto-tamanho-s","status":"publish","type":"product","link":"https:\/\/casafreitas.pt\/loja\/produto\/casaco-forro-polar-rider-azul-marinho-preto-tamanho-s\/","title":{"rendered":"Casaco forro polar rider azul marinho preto tamanho s"},"content":{"rendered":"","protected":false},"excerpt":{"rendered":"<p>Casaco forro polar rider azul marinho preto tamanho s. bolsos amplos inferiores com fecho, bolso superior, cintura ajustavel com cord\u00e3o, inser\u00e7\u00f5es refletantes, remendos anti-abrass\u00e3o nas mangas, bolso para cart\u00f5es, punhos elasticos. composi\u00e7\u00e3o 100% poliester. 280g\/m\u00b2. ideal para constru\u00e7\u00e3o, industria, logistica&#8230;<\/p>\n","protected":false},"featured_media":112436,"comment_status":"open","ping_status":"closed","template":"","meta":[],"product_brand":[],"product_cat":[17541,18004],"product_tag":[],"class_list":{"0":"post-112437","1":"product","2":"type-product","3":"status-publish","4":"has-post-thumbnail","6":"product_cat-coletes-casacos-refletivas-construcao","7":"product_cat-construcao","9":"first","10":"instock","11":"taxable","12":"shipping-taxable","13":"purchasable","14":"product-type-simple"},"_links":{"self":[{"href":"https:\/\/casafreitas.pt\/loja\/wp-json\/wp\/v2\/product\/112437","targetHints":{"allow":["GET"]}}],"collection":[{"href":"https:\/\/casafreitas.pt\/loja\/wp-json\/wp\/v2\/product"}],"about":[{"href":"https:\/\/casafreitas.pt\/loja\/wp-json\/wp\/v2\/types\/product"}],"replies":[{"embeddable":true,"href":"https:\/\/casafreitas.pt\/loja\/wp-json\/wp\/v2\/comments?post=112437"}],"version-history":[{"count":1,"href":"https:\/\/casafreitas.pt\/loja\/wp-json\/wp\/v2\/product\/112437\/revisions"}],"predecessor-version":[{"id":112438,"href":"https:\/\/casafreitas.pt\/loja\/wp-json\/wp\/v2\/product\/112437\/revisions\/112438"}],"wp:featuredmedia":[{"embeddable":true,"href":"https:\/\/casafreitas.pt\/loja\/wp-json\/wp\/v2\/media\/112436"}],"wp:attachment":[{"href":"https:\/\/casafreitas.pt\/loja\/wp-json\/wp\/v2\/media?parent=112437"}],"wp:term":[{"taxonomy":"product_brand","embeddable":true,"href":"https:\/\/casafreitas.pt\/loja\/wp-json\/wp\/v2\/product_brand?post=112437"},{"taxonomy":"product_cat","embeddable":true,"href":"https:\/\/casafreitas.pt\/loja\/wp-json\/wp\/v2\/product_cat?post=112437"},{"taxonomy":"product_tag","embeddable":true,"href":"https:\/\/casafreitas.pt\/loja\/wp-json\/wp\/v2\/product_tag?post=112437"}],"curies":[{"name":"wp","href":"https:\/\/api.w.org\/{rel}","templated":true}]}}