{"id":111855,"date":"2025-10-02T01:03:24","date_gmt":"2025-10-02T01:03:24","guid":{"rendered":"https:\/\/casafreitas.pt\/loja\/produto\/oculos-protecao-lighting-incolor\/"},"modified":"2025-10-24T02:45:21","modified_gmt":"2025-10-24T02:45:21","slug":"oculos-protecao-lighting-incolor","status":"publish","type":"product","link":"https:\/\/casafreitas.pt\/loja\/produto\/oculos-protecao-lighting-incolor\/","title":{"rendered":"Oculos de prote\u00e7\u00e3o lighting incolor"},"content":{"rendered":"","protected":false},"excerpt":{"rendered":"<p>Oculos de prote\u00e7\u00e3o lighting incolor. lente: policarbonato. curvatura 8, normativa geral. en166 &#8211; en170.do 2c-1,2 1f ce. tratamento anti-riscos, anti-embaciamento. prote\u00e7\u00e3o uv 400. arma\u00e7\u00e3o: policarbonato, hastes policarbonato + tpr,do en 166ft ce. ponte nasal ajustavel. parte final das hastes suave. para trabalhos mecanicos em lugares fechados com boas condi\u00e7\u00f5es de visibilidade. excelente ajuste \u00e0 cara, ventila\u00e7\u00e3o indireta<\/p>\n","protected":false},"featured_media":111854,"comment_status":"open","ping_status":"closed","template":"","meta":[],"product_brand":[],"product_cat":[17612,18004],"product_tag":[],"class_list":{"0":"post-111855","1":"product","2":"type-product","3":"status-publish","4":"has-post-thumbnail","6":"product_cat-oculos-construcao","7":"product_cat-construcao","9":"first","10":"instock","11":"taxable","12":"shipping-taxable","13":"purchasable","14":"product-type-simple"},"_links":{"self":[{"href":"https:\/\/casafreitas.pt\/loja\/wp-json\/wp\/v2\/product\/111855","targetHints":{"allow":["GET"]}}],"collection":[{"href":"https:\/\/casafreitas.pt\/loja\/wp-json\/wp\/v2\/product"}],"about":[{"href":"https:\/\/casafreitas.pt\/loja\/wp-json\/wp\/v2\/types\/product"}],"replies":[{"embeddable":true,"href":"https:\/\/casafreitas.pt\/loja\/wp-json\/wp\/v2\/comments?post=111855"}],"version-history":[{"count":1,"href":"https:\/\/casafreitas.pt\/loja\/wp-json\/wp\/v2\/product\/111855\/revisions"}],"predecessor-version":[{"id":111856,"href":"https:\/\/casafreitas.pt\/loja\/wp-json\/wp\/v2\/product\/111855\/revisions\/111856"}],"wp:featuredmedia":[{"embeddable":true,"href":"https:\/\/casafreitas.pt\/loja\/wp-json\/wp\/v2\/media\/111854"}],"wp:attachment":[{"href":"https:\/\/casafreitas.pt\/loja\/wp-json\/wp\/v2\/media?parent=111855"}],"wp:term":[{"taxonomy":"product_brand","embeddable":true,"href":"https:\/\/casafreitas.pt\/loja\/wp-json\/wp\/v2\/product_brand?post=111855"},{"taxonomy":"product_cat","embeddable":true,"href":"https:\/\/casafreitas.pt\/loja\/wp-json\/wp\/v2\/product_cat?post=111855"},{"taxonomy":"product_tag","embeddable":true,"href":"https:\/\/casafreitas.pt\/loja\/wp-json\/wp\/v2\/product_tag?post=111855"}],"curies":[{"name":"wp","href":"https:\/\/api.w.org\/{rel}","templated":true}]}}