{"id":111831,"date":"2025-10-02T01:01:29","date_gmt":"2025-10-02T01:01:29","guid":{"rendered":"https:\/\/casafreitas.pt\/loja\/produto\/cinto-waregem-115cm-preto\/"},"modified":"2025-10-24T02:45:19","modified_gmt":"2025-10-24T02:45:19","slug":"cinto-waregem-115cm-preto","status":"publish","type":"product","link":"https:\/\/casafreitas.pt\/loja\/produto\/cinto-waregem-115cm-preto\/","title":{"rendered":"Cinto waregem 115cm preto"},"content":{"rendered":"","protected":false},"excerpt":{"rendered":"<p>Cinto waregem 115cm preto 100% elast\u00f3mero termopl\u00e1stico. apto para constru\u00e7\u00e3o, industria e logistica. para homem e mulher<\/p>\n","protected":false},"featured_media":111830,"comment_status":"open","ping_status":"closed","template":"","meta":[],"product_brand":[],"product_cat":[17545,18004],"product_tag":[],"class_list":{"0":"post-111831","1":"product","2":"type-product","3":"status-publish","4":"has-post-thumbnail","6":"product_cat-diversos-construcao","7":"product_cat-construcao","9":"first","10":"instock","11":"taxable","12":"shipping-taxable","13":"purchasable","14":"product-type-simple"},"_links":{"self":[{"href":"https:\/\/casafreitas.pt\/loja\/wp-json\/wp\/v2\/product\/111831","targetHints":{"allow":["GET"]}}],"collection":[{"href":"https:\/\/casafreitas.pt\/loja\/wp-json\/wp\/v2\/product"}],"about":[{"href":"https:\/\/casafreitas.pt\/loja\/wp-json\/wp\/v2\/types\/product"}],"replies":[{"embeddable":true,"href":"https:\/\/casafreitas.pt\/loja\/wp-json\/wp\/v2\/comments?post=111831"}],"version-history":[{"count":1,"href":"https:\/\/casafreitas.pt\/loja\/wp-json\/wp\/v2\/product\/111831\/revisions"}],"predecessor-version":[{"id":111832,"href":"https:\/\/casafreitas.pt\/loja\/wp-json\/wp\/v2\/product\/111831\/revisions\/111832"}],"wp:featuredmedia":[{"embeddable":true,"href":"https:\/\/casafreitas.pt\/loja\/wp-json\/wp\/v2\/media\/111830"}],"wp:attachment":[{"href":"https:\/\/casafreitas.pt\/loja\/wp-json\/wp\/v2\/media?parent=111831"}],"wp:term":[{"taxonomy":"product_brand","embeddable":true,"href":"https:\/\/casafreitas.pt\/loja\/wp-json\/wp\/v2\/product_brand?post=111831"},{"taxonomy":"product_cat","embeddable":true,"href":"https:\/\/casafreitas.pt\/loja\/wp-json\/wp\/v2\/product_cat?post=111831"},{"taxonomy":"product_tag","embeddable":true,"href":"https:\/\/casafreitas.pt\/loja\/wp-json\/wp\/v2\/product_tag?post=111831"}],"curies":[{"name":"wp","href":"https:\/\/api.w.org\/{rel}","templated":true}]}}