{"id":111729,"date":"2025-10-02T00:53:48","date_gmt":"2025-10-02T00:53:48","guid":{"rendered":"https:\/\/casafreitas.pt\/loja\/produto\/luvas-protecao-especial-diy-tamanho-9\/"},"modified":"2025-10-24T02:45:12","modified_gmt":"2025-10-24T02:45:12","slug":"luvas-protecao-especial-diy-tamanho-9","status":"publish","type":"product","link":"https:\/\/casafreitas.pt\/loja\/produto\/luvas-protecao-especial-diy-tamanho-9\/","title":{"rendered":"Luvas de prote\u00e7\u00e3o especial diy tamanho 9"},"content":{"rendered":"","protected":false},"excerpt":{"rendered":"<p>Luvas diy de poli\u00e9ster sem costura com revestimento de nitrilo na palma tamanho 9. indicada para movimenta\u00e7\u00e3o de pequenas pe\u00e7as, bricolagem, automotiva, ind\u00fastria, constru\u00e7\u00e3o, montagem e embalamento.<\/p>\n","protected":false},"featured_media":111728,"comment_status":"open","ping_status":"closed","template":"","meta":[],"product_brand":[],"product_cat":[17599,18004],"product_tag":[],"class_list":{"0":"post-111729","1":"product","2":"type-product","3":"status-publish","4":"has-post-thumbnail","6":"product_cat-luvas-construcao","7":"product_cat-construcao","9":"first","10":"instock","11":"taxable","12":"shipping-taxable","13":"purchasable","14":"product-type-simple"},"_links":{"self":[{"href":"https:\/\/casafreitas.pt\/loja\/wp-json\/wp\/v2\/product\/111729","targetHints":{"allow":["GET"]}}],"collection":[{"href":"https:\/\/casafreitas.pt\/loja\/wp-json\/wp\/v2\/product"}],"about":[{"href":"https:\/\/casafreitas.pt\/loja\/wp-json\/wp\/v2\/types\/product"}],"replies":[{"embeddable":true,"href":"https:\/\/casafreitas.pt\/loja\/wp-json\/wp\/v2\/comments?post=111729"}],"version-history":[{"count":1,"href":"https:\/\/casafreitas.pt\/loja\/wp-json\/wp\/v2\/product\/111729\/revisions"}],"predecessor-version":[{"id":111730,"href":"https:\/\/casafreitas.pt\/loja\/wp-json\/wp\/v2\/product\/111729\/revisions\/111730"}],"wp:featuredmedia":[{"embeddable":true,"href":"https:\/\/casafreitas.pt\/loja\/wp-json\/wp\/v2\/media\/111728"}],"wp:attachment":[{"href":"https:\/\/casafreitas.pt\/loja\/wp-json\/wp\/v2\/media?parent=111729"}],"wp:term":[{"taxonomy":"product_brand","embeddable":true,"href":"https:\/\/casafreitas.pt\/loja\/wp-json\/wp\/v2\/product_brand?post=111729"},{"taxonomy":"product_cat","embeddable":true,"href":"https:\/\/casafreitas.pt\/loja\/wp-json\/wp\/v2\/product_cat?post=111729"},{"taxonomy":"product_tag","embeddable":true,"href":"https:\/\/casafreitas.pt\/loja\/wp-json\/wp\/v2\/product_tag?post=111729"}],"curies":[{"name":"wp","href":"https:\/\/api.w.org\/{rel}","templated":true}]}}