{"id":111705,"date":"2025-10-02T00:52:04","date_gmt":"2025-10-02T00:52:04","guid":{"rendered":"https:\/\/casafreitas.pt\/loja\/produto\/luva-keep-safe-pe-com-palma-pu-branco-tamanho-11\/"},"modified":"2025-10-24T02:45:11","modified_gmt":"2025-10-24T02:45:11","slug":"luva-keep-safe-pe-com-palma-pu-branco-tamanho-11","status":"publish","type":"product","link":"https:\/\/casafreitas.pt\/loja\/produto\/luva-keep-safe-pe-com-palma-pu-branco-tamanho-11\/","title":{"rendered":"Luva keep safe pe com palma pu, branco tamanho 11"},"content":{"rendered":"","protected":false},"excerpt":{"rendered":"<p>Luva de poli\u00e9ster keep safe&#8221; com palma pu, branco, tamanho 11; utiliza\u00e7\u00f5es: diy, armazenagem e substitui\u00e7\u00e3o, manuseamento, pintores e gessos, montagem e montagem de pe\u00e7as em ambientes secos, levemente h\u00famidos ou oleosos, impress\u00e3o&#8221;<\/p>\n","protected":false},"featured_media":111704,"comment_status":"open","ping_status":"closed","template":"","meta":[],"product_brand":[],"product_cat":[17599,18004],"product_tag":[],"class_list":{"0":"post-111705","1":"product","2":"type-product","3":"status-publish","4":"has-post-thumbnail","6":"product_cat-luvas-construcao","7":"product_cat-construcao","9":"first","10":"instock","11":"taxable","12":"shipping-taxable","13":"purchasable","14":"product-type-simple"},"_links":{"self":[{"href":"https:\/\/casafreitas.pt\/loja\/wp-json\/wp\/v2\/product\/111705","targetHints":{"allow":["GET"]}}],"collection":[{"href":"https:\/\/casafreitas.pt\/loja\/wp-json\/wp\/v2\/product"}],"about":[{"href":"https:\/\/casafreitas.pt\/loja\/wp-json\/wp\/v2\/types\/product"}],"replies":[{"embeddable":true,"href":"https:\/\/casafreitas.pt\/loja\/wp-json\/wp\/v2\/comments?post=111705"}],"version-history":[{"count":1,"href":"https:\/\/casafreitas.pt\/loja\/wp-json\/wp\/v2\/product\/111705\/revisions"}],"predecessor-version":[{"id":111706,"href":"https:\/\/casafreitas.pt\/loja\/wp-json\/wp\/v2\/product\/111705\/revisions\/111706"}],"wp:featuredmedia":[{"embeddable":true,"href":"https:\/\/casafreitas.pt\/loja\/wp-json\/wp\/v2\/media\/111704"}],"wp:attachment":[{"href":"https:\/\/casafreitas.pt\/loja\/wp-json\/wp\/v2\/media?parent=111705"}],"wp:term":[{"taxonomy":"product_brand","embeddable":true,"href":"https:\/\/casafreitas.pt\/loja\/wp-json\/wp\/v2\/product_brand?post=111705"},{"taxonomy":"product_cat","embeddable":true,"href":"https:\/\/casafreitas.pt\/loja\/wp-json\/wp\/v2\/product_cat?post=111705"},{"taxonomy":"product_tag","embeddable":true,"href":"https:\/\/casafreitas.pt\/loja\/wp-json\/wp\/v2\/product_tag?post=111705"}],"curies":[{"name":"wp","href":"https:\/\/api.w.org\/{rel}","templated":true}]}}