{"id":111567,"date":"2025-10-02T00:41:45","date_gmt":"2025-10-02T00:41:45","guid":{"rendered":"https:\/\/casafreitas.pt\/loja\/produto\/palmilha-para-calcado-visco-sport-t-42-45\/"},"modified":"2025-10-24T02:45:00","modified_gmt":"2025-10-24T02:45:00","slug":"palmilha-para-calcado-visco-sport-t-42-45","status":"publish","type":"product","link":"https:\/\/casafreitas.pt\/loja\/produto\/palmilha-para-calcado-visco-sport-t-42-45\/","title":{"rendered":"Palmilha para cal\u00e7ado visco sport t: 42-45"},"content":{"rendered":"","protected":false},"excerpt":{"rendered":"<p>Palmilha para cal\u00e7ado visco sport t: 42-45. absorve os impactos. efeito mem\u00f3ria transpirante. adapta-se ao p\u00e9. tamanhos de 42 a 45<\/p>\n","protected":false},"featured_media":111566,"comment_status":"open","ping_status":"closed","template":"","meta":[],"product_brand":[],"product_cat":[13190,18004],"product_tag":[],"class_list":{"0":"post-111567","1":"product","2":"type-product","3":"status-publish","4":"has-post-thumbnail","6":"product_cat-palmillas-de-sapato","7":"product_cat-construcao","9":"first","10":"instock","11":"taxable","12":"shipping-taxable","13":"purchasable","14":"product-type-simple"},"_links":{"self":[{"href":"https:\/\/casafreitas.pt\/loja\/wp-json\/wp\/v2\/product\/111567","targetHints":{"allow":["GET"]}}],"collection":[{"href":"https:\/\/casafreitas.pt\/loja\/wp-json\/wp\/v2\/product"}],"about":[{"href":"https:\/\/casafreitas.pt\/loja\/wp-json\/wp\/v2\/types\/product"}],"replies":[{"embeddable":true,"href":"https:\/\/casafreitas.pt\/loja\/wp-json\/wp\/v2\/comments?post=111567"}],"version-history":[{"count":1,"href":"https:\/\/casafreitas.pt\/loja\/wp-json\/wp\/v2\/product\/111567\/revisions"}],"predecessor-version":[{"id":111568,"href":"https:\/\/casafreitas.pt\/loja\/wp-json\/wp\/v2\/product\/111567\/revisions\/111568"}],"wp:featuredmedia":[{"embeddable":true,"href":"https:\/\/casafreitas.pt\/loja\/wp-json\/wp\/v2\/media\/111566"}],"wp:attachment":[{"href":"https:\/\/casafreitas.pt\/loja\/wp-json\/wp\/v2\/media?parent=111567"}],"wp:term":[{"taxonomy":"product_brand","embeddable":true,"href":"https:\/\/casafreitas.pt\/loja\/wp-json\/wp\/v2\/product_brand?post=111567"},{"taxonomy":"product_cat","embeddable":true,"href":"https:\/\/casafreitas.pt\/loja\/wp-json\/wp\/v2\/product_cat?post=111567"},{"taxonomy":"product_tag","embeddable":true,"href":"https:\/\/casafreitas.pt\/loja\/wp-json\/wp\/v2\/product_tag?post=111567"}],"curies":[{"name":"wp","href":"https:\/\/api.w.org\/{rel}","templated":true}]}}