{"id":111546,"date":"2025-10-02T00:40:12","date_gmt":"2025-10-02T00:40:12","guid":{"rendered":"https:\/\/casafreitas.pt\/loja\/produto\/palmilha-para-calcado-carbono\/"},"modified":"2025-10-24T02:44:59","modified_gmt":"2025-10-24T02:44:59","slug":"palmilha-para-calcado-carbono","status":"publish","type":"product","link":"https:\/\/casafreitas.pt\/loja\/produto\/palmilha-para-calcado-carbono\/","title":{"rendered":"Palmilha para cal\u00e7ado carbono"},"content":{"rendered":"","protected":false},"excerpt":{"rendered":"<p>Palmilha para cal\u00e7ado carbono. neutraliza os mau cheiros. v\u00e1rios tamanhos de 20 a 44<\/p>\n","protected":false},"featured_media":111545,"comment_status":"open","ping_status":"closed","template":"","meta":[],"product_brand":[],"product_cat":[13190,18004],"product_tag":[],"class_list":{"0":"post-111546","1":"product","2":"type-product","3":"status-publish","4":"has-post-thumbnail","6":"product_cat-palmillas-de-sapato","7":"product_cat-construcao","9":"first","10":"instock","11":"taxable","12":"shipping-taxable","13":"purchasable","14":"product-type-simple"},"_links":{"self":[{"href":"https:\/\/casafreitas.pt\/loja\/wp-json\/wp\/v2\/product\/111546","targetHints":{"allow":["GET"]}}],"collection":[{"href":"https:\/\/casafreitas.pt\/loja\/wp-json\/wp\/v2\/product"}],"about":[{"href":"https:\/\/casafreitas.pt\/loja\/wp-json\/wp\/v2\/types\/product"}],"replies":[{"embeddable":true,"href":"https:\/\/casafreitas.pt\/loja\/wp-json\/wp\/v2\/comments?post=111546"}],"version-history":[{"count":1,"href":"https:\/\/casafreitas.pt\/loja\/wp-json\/wp\/v2\/product\/111546\/revisions"}],"predecessor-version":[{"id":111547,"href":"https:\/\/casafreitas.pt\/loja\/wp-json\/wp\/v2\/product\/111546\/revisions\/111547"}],"wp:featuredmedia":[{"embeddable":true,"href":"https:\/\/casafreitas.pt\/loja\/wp-json\/wp\/v2\/media\/111545"}],"wp:attachment":[{"href":"https:\/\/casafreitas.pt\/loja\/wp-json\/wp\/v2\/media?parent=111546"}],"wp:term":[{"taxonomy":"product_brand","embeddable":true,"href":"https:\/\/casafreitas.pt\/loja\/wp-json\/wp\/v2\/product_brand?post=111546"},{"taxonomy":"product_cat","embeddable":true,"href":"https:\/\/casafreitas.pt\/loja\/wp-json\/wp\/v2\/product_cat?post=111546"},{"taxonomy":"product_tag","embeddable":true,"href":"https:\/\/casafreitas.pt\/loja\/wp-json\/wp\/v2\/product_tag?post=111546"}],"curies":[{"name":"wp","href":"https:\/\/api.w.org\/{rel}","templated":true}]}}