{"id":111462,"date":"2025-10-02T00:34:00","date_gmt":"2025-10-02T00:34:00","guid":{"rendered":"https:\/\/casafreitas.pt\/loja\/produto\/mascara-particulas-8822-ffp2-com-valvula-3-uds\/"},"modified":"2025-10-24T02:44:57","modified_gmt":"2025-10-24T02:44:57","slug":"mascara-particulas-8822-ffp2-com-valvula-3-uds","status":"publish","type":"product","link":"https:\/\/casafreitas.pt\/loja\/produto\/mascara-particulas-8822-ffp2-com-valvula-3-uds\/","title":{"rendered":"M\u00e1scara de part\u00edculas 8822, ffp2, com v\u00e1lvula, 3 uds"},"content":{"rendered":"","protected":false},"excerpt":{"rendered":"<p>M\u00e1scara de part\u00edculas 8822, ffp2 com v\u00e1lvula, estrutura resistente e dobr\u00e1vel que se adapta facilmente \u00e0 maioria dos formatos e tamanhos de rosto. o clipe ajust\u00e1vel para o nariz ajuda a formar uma veda\u00e7\u00e3o no nariz e nas bochechas. para lixagem manual e ferramentas el\u00e9tricas. cont\u00e9m 3 pe\u00e7as<\/p>\n","protected":false},"featured_media":111461,"comment_status":"open","ping_status":"closed","template":"","meta":[],"product_brand":[],"product_cat":[17604,18004],"product_tag":[12444],"class_list":{"0":"post-111462","1":"product","2":"type-product","3":"status-publish","4":"has-post-thumbnail","6":"product_cat-mascaras-construcao","7":"product_cat-construcao","8":"product_tag-3m","10":"first","11":"instock","12":"taxable","13":"shipping-taxable","14":"purchasable","15":"product-type-simple"},"_links":{"self":[{"href":"https:\/\/casafreitas.pt\/loja\/wp-json\/wp\/v2\/product\/111462","targetHints":{"allow":["GET"]}}],"collection":[{"href":"https:\/\/casafreitas.pt\/loja\/wp-json\/wp\/v2\/product"}],"about":[{"href":"https:\/\/casafreitas.pt\/loja\/wp-json\/wp\/v2\/types\/product"}],"replies":[{"embeddable":true,"href":"https:\/\/casafreitas.pt\/loja\/wp-json\/wp\/v2\/comments?post=111462"}],"version-history":[{"count":1,"href":"https:\/\/casafreitas.pt\/loja\/wp-json\/wp\/v2\/product\/111462\/revisions"}],"predecessor-version":[{"id":111463,"href":"https:\/\/casafreitas.pt\/loja\/wp-json\/wp\/v2\/product\/111462\/revisions\/111463"}],"wp:featuredmedia":[{"embeddable":true,"href":"https:\/\/casafreitas.pt\/loja\/wp-json\/wp\/v2\/media\/111461"}],"wp:attachment":[{"href":"https:\/\/casafreitas.pt\/loja\/wp-json\/wp\/v2\/media?parent=111462"}],"wp:term":[{"taxonomy":"product_brand","embeddable":true,"href":"https:\/\/casafreitas.pt\/loja\/wp-json\/wp\/v2\/product_brand?post=111462"},{"taxonomy":"product_cat","embeddable":true,"href":"https:\/\/casafreitas.pt\/loja\/wp-json\/wp\/v2\/product_cat?post=111462"},{"taxonomy":"product_tag","embeddable":true,"href":"https:\/\/casafreitas.pt\/loja\/wp-json\/wp\/v2\/product_tag?post=111462"}],"curies":[{"name":"wp","href":"https:\/\/api.w.org\/{rel}","templated":true}]}}