{"id":111456,"date":"2025-10-02T00:33:33","date_gmt":"2025-10-02T00:33:33","guid":{"rendered":"https:\/\/casafreitas.pt\/loja\/produto\/mascara-particulas-8710e-sem-valvula-ffp1-3-unid\/"},"modified":"2025-10-24T02:44:57","modified_gmt":"2025-10-24T02:44:57","slug":"mascara-particulas-8710e-sem-valvula-ffp1-3-unid","status":"publish","type":"product","link":"https:\/\/casafreitas.pt\/loja\/produto\/mascara-particulas-8710e-sem-valvula-ffp1-3-unid\/","title":{"rendered":"M\u00e1scara de part\u00edculas 8710e, sem v\u00e1lvula, ffp1, 3 unid."},"content":{"rendered":"","protected":false},"excerpt":{"rendered":"<p>M\u00e1scara de part\u00edculas 8710e, sem v\u00e1lvula, ffp1, 3 unid., para lixagem manual<\/p>\n","protected":false},"featured_media":111455,"comment_status":"open","ping_status":"closed","template":"","meta":[],"product_brand":[],"product_cat":[17604,18004],"product_tag":[12444],"class_list":{"0":"post-111456","1":"product","2":"type-product","3":"status-publish","4":"has-post-thumbnail","6":"product_cat-mascaras-construcao","7":"product_cat-construcao","8":"product_tag-3m","10":"first","11":"instock","12":"taxable","13":"shipping-taxable","14":"purchasable","15":"product-type-simple"},"_links":{"self":[{"href":"https:\/\/casafreitas.pt\/loja\/wp-json\/wp\/v2\/product\/111456","targetHints":{"allow":["GET"]}}],"collection":[{"href":"https:\/\/casafreitas.pt\/loja\/wp-json\/wp\/v2\/product"}],"about":[{"href":"https:\/\/casafreitas.pt\/loja\/wp-json\/wp\/v2\/types\/product"}],"replies":[{"embeddable":true,"href":"https:\/\/casafreitas.pt\/loja\/wp-json\/wp\/v2\/comments?post=111456"}],"version-history":[{"count":1,"href":"https:\/\/casafreitas.pt\/loja\/wp-json\/wp\/v2\/product\/111456\/revisions"}],"predecessor-version":[{"id":111457,"href":"https:\/\/casafreitas.pt\/loja\/wp-json\/wp\/v2\/product\/111456\/revisions\/111457"}],"wp:featuredmedia":[{"embeddable":true,"href":"https:\/\/casafreitas.pt\/loja\/wp-json\/wp\/v2\/media\/111455"}],"wp:attachment":[{"href":"https:\/\/casafreitas.pt\/loja\/wp-json\/wp\/v2\/media?parent=111456"}],"wp:term":[{"taxonomy":"product_brand","embeddable":true,"href":"https:\/\/casafreitas.pt\/loja\/wp-json\/wp\/v2\/product_brand?post=111456"},{"taxonomy":"product_cat","embeddable":true,"href":"https:\/\/casafreitas.pt\/loja\/wp-json\/wp\/v2\/product_cat?post=111456"},{"taxonomy":"product_tag","embeddable":true,"href":"https:\/\/casafreitas.pt\/loja\/wp-json\/wp\/v2\/product_tag?post=111456"}],"curies":[{"name":"wp","href":"https:\/\/api.w.org\/{rel}","templated":true}]}}