{"id":110829,"date":"2025-10-01T23:41:42","date_gmt":"2025-10-01T23:41:42","guid":{"rendered":"https:\/\/casafreitas.pt\/loja\/produto\/tesoura-corta-unhas-curva-45\/"},"modified":"2025-10-30T22:50:41","modified_gmt":"2025-10-30T22:50:41","slug":"tesoura-corta-unhas-curva-45","status":"publish","type":"product","link":"https:\/\/casafreitas.pt\/loja\/produto\/tesoura-corta-unhas-curva-45\/","title":{"rendered":"Tesoura corta-unhas curva 4,5&#8243;"},"content":{"rendered":"","protected":false},"excerpt":{"rendered":"<p>Tesoura corta-unhas, com l\u00e2minas fortes, resistentes e afiadas. perfeitas para cortar e dar forma \u00e0s unhas. l\u00e2mina curva. fabricada em a\u00e7o de carbono e forjada em quente. medida 4,5&#8243;. acabamento brilhante. apresentada em display\/gancho<\/p>\n","protected":false},"featured_media":110828,"comment_status":"open","ping_status":"closed","template":"","meta":[],"product_brand":[],"product_cat":[17882,18010],"product_tag":[],"class_list":{"0":"post-110829","1":"product","2":"type-product","3":"status-publish","4":"has-post-thumbnail","6":"product_cat-cuidados-com-as-maos-e-os-pes-limpeza-e-higiene-pessoal","7":"product_cat-limpeza-higiene-pessoal","9":"first","10":"instock","11":"taxable","12":"shipping-taxable","13":"purchasable","14":"product-type-simple"},"_links":{"self":[{"href":"https:\/\/casafreitas.pt\/loja\/wp-json\/wp\/v2\/product\/110829","targetHints":{"allow":["GET"]}}],"collection":[{"href":"https:\/\/casafreitas.pt\/loja\/wp-json\/wp\/v2\/product"}],"about":[{"href":"https:\/\/casafreitas.pt\/loja\/wp-json\/wp\/v2\/types\/product"}],"replies":[{"embeddable":true,"href":"https:\/\/casafreitas.pt\/loja\/wp-json\/wp\/v2\/comments?post=110829"}],"version-history":[{"count":1,"href":"https:\/\/casafreitas.pt\/loja\/wp-json\/wp\/v2\/product\/110829\/revisions"}],"predecessor-version":[{"id":110830,"href":"https:\/\/casafreitas.pt\/loja\/wp-json\/wp\/v2\/product\/110829\/revisions\/110830"}],"wp:featuredmedia":[{"embeddable":true,"href":"https:\/\/casafreitas.pt\/loja\/wp-json\/wp\/v2\/media\/110828"}],"wp:attachment":[{"href":"https:\/\/casafreitas.pt\/loja\/wp-json\/wp\/v2\/media?parent=110829"}],"wp:term":[{"taxonomy":"product_brand","embeddable":true,"href":"https:\/\/casafreitas.pt\/loja\/wp-json\/wp\/v2\/product_brand?post=110829"},{"taxonomy":"product_cat","embeddable":true,"href":"https:\/\/casafreitas.pt\/loja\/wp-json\/wp\/v2\/product_cat?post=110829"},{"taxonomy":"product_tag","embeddable":true,"href":"https:\/\/casafreitas.pt\/loja\/wp-json\/wp\/v2\/product_tag?post=110829"}],"curies":[{"name":"wp","href":"https:\/\/api.w.org\/{rel}","templated":true}]}}