{"id":110487,"date":"2025-10-01T23:15:55","date_gmt":"2025-10-01T23:15:55","guid":{"rendered":"https:\/\/casafreitas.pt\/loja\/produto\/polo-amarelo-fluorescente-azul-marinho-manga-curta-alta-visibilidade-s\/"},"modified":"2025-10-24T02:44:22","modified_gmt":"2025-10-24T02:44:22","slug":"polo-amarelo-fluorescente-azul-marinho-manga-curta-alta-visibilidade-s","status":"publish","type":"product","link":"https:\/\/casafreitas.pt\/loja\/produto\/polo-amarelo-fluorescente-azul-marinho-manga-curta-alta-visibilidade-s\/","title":{"rendered":"Polo amarelo fluorescente \/ azul marinho, manga curta alta visibilidade, s"},"content":{"rendered":"","protected":false},"excerpt":{"rendered":"<p>Polo amarelo fluorescente combinado com azul marinho, manga curta de alta visibilidade, tamanho s. tecido poli\u00e9ster 150 g, respir\u00e1vel. certificado por um organismo europeu notificado e testado por um laborat\u00f3rio credenciado, de acordo com o regulamento da ue 2016\/425 sobre epi e a norma harmonizada na iso 13688 sobre requisitos gerais para o vestu\u00e1rio de prote\u00e7\u00e3o e na iso 20471 sobre vestu\u00e1rio de alta visibilidade, atingindo um classifica\u00e7\u00e3o de classe 1 e ser classificado como epi categoria ii<\/p>\n","protected":false},"featured_media":110486,"comment_status":"open","ping_status":"closed","template":"","meta":[],"product_brand":[],"product_cat":[17666,18004],"product_tag":[],"class_list":{"0":"post-110487","1":"product","2":"type-product","3":"status-publish","4":"has-post-thumbnail","6":"product_cat-t-shirt-camisola-polo-camisolas-construcao","7":"product_cat-construcao","9":"first","10":"instock","11":"taxable","12":"shipping-taxable","13":"purchasable","14":"product-type-simple"},"_links":{"self":[{"href":"https:\/\/casafreitas.pt\/loja\/wp-json\/wp\/v2\/product\/110487","targetHints":{"allow":["GET"]}}],"collection":[{"href":"https:\/\/casafreitas.pt\/loja\/wp-json\/wp\/v2\/product"}],"about":[{"href":"https:\/\/casafreitas.pt\/loja\/wp-json\/wp\/v2\/types\/product"}],"replies":[{"embeddable":true,"href":"https:\/\/casafreitas.pt\/loja\/wp-json\/wp\/v2\/comments?post=110487"}],"version-history":[{"count":1,"href":"https:\/\/casafreitas.pt\/loja\/wp-json\/wp\/v2\/product\/110487\/revisions"}],"predecessor-version":[{"id":110488,"href":"https:\/\/casafreitas.pt\/loja\/wp-json\/wp\/v2\/product\/110487\/revisions\/110488"}],"wp:featuredmedia":[{"embeddable":true,"href":"https:\/\/casafreitas.pt\/loja\/wp-json\/wp\/v2\/media\/110486"}],"wp:attachment":[{"href":"https:\/\/casafreitas.pt\/loja\/wp-json\/wp\/v2\/media?parent=110487"}],"wp:term":[{"taxonomy":"product_brand","embeddable":true,"href":"https:\/\/casafreitas.pt\/loja\/wp-json\/wp\/v2\/product_brand?post=110487"},{"taxonomy":"product_cat","embeddable":true,"href":"https:\/\/casafreitas.pt\/loja\/wp-json\/wp\/v2\/product_cat?post=110487"},{"taxonomy":"product_tag","embeddable":true,"href":"https:\/\/casafreitas.pt\/loja\/wp-json\/wp\/v2\/product_tag?post=110487"}],"curies":[{"name":"wp","href":"https:\/\/api.w.org\/{rel}","templated":true}]}}