{"id":110460,"date":"2025-10-01T23:13:53","date_gmt":"2025-10-01T23:13:53","guid":{"rendered":"https:\/\/casafreitas.pt\/loja\/produto\/mascara-1720-v-12-unidades\/"},"modified":"2025-10-24T02:44:20","modified_gmt":"2025-10-24T02:44:20","slug":"mascara-1720-v-12-unidades","status":"publish","type":"product","link":"https:\/\/casafreitas.pt\/loja\/produto\/mascara-1720-v-12-unidades\/","title":{"rendered":"M\u00e1scara 1720 &#8211; v, 12 unidades"},"content":{"rendered":"","protected":false},"excerpt":{"rendered":"<p>A m\u00e1scara autofiltrante climax 1720-v foi concebida para a reten\u00e7\u00e3o eficaz de part\u00edculas de poeira suspens\u00f5es, n\u00e9voas e fumos. standard: en 149:2001 + a1:2009. caixa de 12 unidades<\/p>\n","protected":false},"featured_media":110459,"comment_status":"open","ping_status":"closed","template":"","meta":[],"product_brand":[],"product_cat":[17604,18004],"product_tag":[12712],"class_list":{"0":"post-110460","1":"product","2":"type-product","3":"status-publish","4":"has-post-thumbnail","6":"product_cat-mascaras-construcao","7":"product_cat-construcao","8":"product_tag-climax","10":"first","11":"instock","12":"taxable","13":"shipping-taxable","14":"purchasable","15":"product-type-simple"},"_links":{"self":[{"href":"https:\/\/casafreitas.pt\/loja\/wp-json\/wp\/v2\/product\/110460","targetHints":{"allow":["GET"]}}],"collection":[{"href":"https:\/\/casafreitas.pt\/loja\/wp-json\/wp\/v2\/product"}],"about":[{"href":"https:\/\/casafreitas.pt\/loja\/wp-json\/wp\/v2\/types\/product"}],"replies":[{"embeddable":true,"href":"https:\/\/casafreitas.pt\/loja\/wp-json\/wp\/v2\/comments?post=110460"}],"version-history":[{"count":1,"href":"https:\/\/casafreitas.pt\/loja\/wp-json\/wp\/v2\/product\/110460\/revisions"}],"predecessor-version":[{"id":110461,"href":"https:\/\/casafreitas.pt\/loja\/wp-json\/wp\/v2\/product\/110460\/revisions\/110461"}],"wp:featuredmedia":[{"embeddable":true,"href":"https:\/\/casafreitas.pt\/loja\/wp-json\/wp\/v2\/media\/110459"}],"wp:attachment":[{"href":"https:\/\/casafreitas.pt\/loja\/wp-json\/wp\/v2\/media?parent=110460"}],"wp:term":[{"taxonomy":"product_brand","embeddable":true,"href":"https:\/\/casafreitas.pt\/loja\/wp-json\/wp\/v2\/product_brand?post=110460"},{"taxonomy":"product_cat","embeddable":true,"href":"https:\/\/casafreitas.pt\/loja\/wp-json\/wp\/v2\/product_cat?post=110460"},{"taxonomy":"product_tag","embeddable":true,"href":"https:\/\/casafreitas.pt\/loja\/wp-json\/wp\/v2\/product_tag?post=110460"}],"curies":[{"name":"wp","href":"https:\/\/api.w.org\/{rel}","templated":true}]}}