{"id":110301,"date":"2025-10-01T22:58:55","date_gmt":"2025-10-01T22:58:55","guid":{"rendered":"https:\/\/casafreitas.pt\/loja\/produto\/tesoura-para-unhas-curva-extra-forte-4-%c2%bd-1143-mm\/"},"modified":"2025-10-24T02:44:10","modified_gmt":"2025-10-24T02:44:10","slug":"tesoura-para-unhas-curva-extra-forte-4-%c2%bd-1143-mm","status":"publish","type":"product","link":"https:\/\/casafreitas.pt\/loja\/produto\/tesoura-para-unhas-curva-extra-forte-4-%c2%bd-1143-mm\/","title":{"rendered":"Tesoura para unhas curva extra forte 4-\u00bd&#8221;\/114,3 mm"},"content":{"rendered":"","protected":false},"excerpt":{"rendered":"<p>Tesoura para unhas curva extra forte 4-\u00bd&#8221;\/114,3mm&#8221; 08891180 palmera. a\u00e7o de carbono de altas presta\u00e7\u00f5es. forjadas em quente. dureza das l\u00e2minas 50-54 hrc. l\u00e2mina curva. acabamento niquelado. montagem com parafuso para ajustar a precis\u00e3o<\/p>\n","protected":false},"featured_media":110300,"comment_status":"open","ping_status":"closed","template":"","meta":[],"product_brand":[],"product_cat":[17882,18010],"product_tag":[],"class_list":{"0":"post-110301","1":"product","2":"type-product","3":"status-publish","4":"has-post-thumbnail","6":"product_cat-cuidados-com-as-maos-e-os-pes-limpeza-e-higiene-pessoal","7":"product_cat-limpeza-higiene-pessoal","9":"first","10":"instock","11":"taxable","12":"shipping-taxable","13":"purchasable","14":"product-type-simple"},"_links":{"self":[{"href":"https:\/\/casafreitas.pt\/loja\/wp-json\/wp\/v2\/product\/110301","targetHints":{"allow":["GET"]}}],"collection":[{"href":"https:\/\/casafreitas.pt\/loja\/wp-json\/wp\/v2\/product"}],"about":[{"href":"https:\/\/casafreitas.pt\/loja\/wp-json\/wp\/v2\/types\/product"}],"replies":[{"embeddable":true,"href":"https:\/\/casafreitas.pt\/loja\/wp-json\/wp\/v2\/comments?post=110301"}],"version-history":[{"count":1,"href":"https:\/\/casafreitas.pt\/loja\/wp-json\/wp\/v2\/product\/110301\/revisions"}],"predecessor-version":[{"id":110302,"href":"https:\/\/casafreitas.pt\/loja\/wp-json\/wp\/v2\/product\/110301\/revisions\/110302"}],"wp:featuredmedia":[{"embeddable":true,"href":"https:\/\/casafreitas.pt\/loja\/wp-json\/wp\/v2\/media\/110300"}],"wp:attachment":[{"href":"https:\/\/casafreitas.pt\/loja\/wp-json\/wp\/v2\/media?parent=110301"}],"wp:term":[{"taxonomy":"product_brand","embeddable":true,"href":"https:\/\/casafreitas.pt\/loja\/wp-json\/wp\/v2\/product_brand?post=110301"},{"taxonomy":"product_cat","embeddable":true,"href":"https:\/\/casafreitas.pt\/loja\/wp-json\/wp\/v2\/product_cat?post=110301"},{"taxonomy":"product_tag","embeddable":true,"href":"https:\/\/casafreitas.pt\/loja\/wp-json\/wp\/v2\/product_tag?post=110301"}],"curies":[{"name":"wp","href":"https:\/\/api.w.org\/{rel}","templated":true}]}}