{"id":110217,"date":"2025-10-01T22:52:29","date_gmt":"2025-10-01T22:52:29","guid":{"rendered":"https:\/\/casafreitas.pt\/loja\/produto\/anti-mosquito-uso-pessoal-plus-pulseira-cores-modelos-diversos\/"},"modified":"2025-10-24T02:44:05","modified_gmt":"2025-10-24T02:44:05","slug":"anti-mosquito-uso-pessoal-plus-pulseira-cores-modelos-diversos","status":"publish","type":"product","link":"https:\/\/casafreitas.pt\/loja\/produto\/anti-mosquito-uso-pessoal-plus-pulseira-cores-modelos-diversos\/","title":{"rendered":"Anti-mosquito uso pessoal plus de pulseira cores \/ modelos diversos"},"content":{"rendered":"","protected":false},"excerpt":{"rendered":"<p>Anti-mosquito uso pessoal plus \u00e1rea de cobertura.com pulseira ajust\u00e1vel e clipe de fixa\u00e7\u00e3o.dura\u00e7\u00e3o da pilha 10 meses (4h\/dia) 1xcr2032 (3v) inclu\u00edda. 2m cobertura. a partir de 0 anos. radarcan cores \/ modelos diversos<\/p>\n","protected":false},"featured_media":110216,"comment_status":"open","ping_status":"closed","template":"","meta":[],"product_brand":[],"product_cat":[17926,18010],"product_tag":[],"class_list":{"0":"post-110217","1":"product","2":"type-product","3":"status-publish","4":"has-post-thumbnail","6":"product_cat-repelentes-para-uso-corporal-limpeza-e-higiene-pessoal","7":"product_cat-limpeza-higiene-pessoal","9":"first","10":"instock","11":"taxable","12":"shipping-taxable","13":"purchasable","14":"product-type-simple"},"_links":{"self":[{"href":"https:\/\/casafreitas.pt\/loja\/wp-json\/wp\/v2\/product\/110217","targetHints":{"allow":["GET"]}}],"collection":[{"href":"https:\/\/casafreitas.pt\/loja\/wp-json\/wp\/v2\/product"}],"about":[{"href":"https:\/\/casafreitas.pt\/loja\/wp-json\/wp\/v2\/types\/product"}],"replies":[{"embeddable":true,"href":"https:\/\/casafreitas.pt\/loja\/wp-json\/wp\/v2\/comments?post=110217"}],"version-history":[{"count":1,"href":"https:\/\/casafreitas.pt\/loja\/wp-json\/wp\/v2\/product\/110217\/revisions"}],"predecessor-version":[{"id":110218,"href":"https:\/\/casafreitas.pt\/loja\/wp-json\/wp\/v2\/product\/110217\/revisions\/110218"}],"wp:featuredmedia":[{"embeddable":true,"href":"https:\/\/casafreitas.pt\/loja\/wp-json\/wp\/v2\/media\/110216"}],"wp:attachment":[{"href":"https:\/\/casafreitas.pt\/loja\/wp-json\/wp\/v2\/media?parent=110217"}],"wp:term":[{"taxonomy":"product_brand","embeddable":true,"href":"https:\/\/casafreitas.pt\/loja\/wp-json\/wp\/v2\/product_brand?post=110217"},{"taxonomy":"product_cat","embeddable":true,"href":"https:\/\/casafreitas.pt\/loja\/wp-json\/wp\/v2\/product_cat?post=110217"},{"taxonomy":"product_tag","embeddable":true,"href":"https:\/\/casafreitas.pt\/loja\/wp-json\/wp\/v2\/product_tag?post=110217"}],"curies":[{"name":"wp","href":"https:\/\/api.w.org\/{rel}","templated":true}]}}