{"id":110091,"date":"2025-10-01T22:43:04","date_gmt":"2025-10-01T22:43:04","guid":{"rendered":"https:\/\/casafreitas.pt\/loja\/produto\/polo-manga-comprida-tamanho-xl-65-poliester-35-algodao\/"},"modified":"2025-10-24T02:43:54","modified_gmt":"2025-10-24T02:43:54","slug":"polo-manga-comprida-tamanho-xl-65-poliester-35-algodao","status":"publish","type":"product","link":"https:\/\/casafreitas.pt\/loja\/produto\/polo-manga-comprida-tamanho-xl-65-poliester-35-algodao\/","title":{"rendered":"Polo manga comprida tamanho-xl 65% poli\u00e9ster 35% algod\u00e3o"},"content":{"rendered":"","protected":false},"excerpt":{"rendered":"<p>Polo manga comprida tamanho-xl65% poli\u00e9ster 35% algod\u00e3o<\/p>\n","protected":false},"featured_media":110090,"comment_status":"open","ping_status":"closed","template":"","meta":[],"product_brand":[],"product_cat":[17678,18004],"product_tag":[],"class_list":{"0":"post-110091","1":"product","2":"type-product","3":"status-publish","4":"has-post-thumbnail","6":"product_cat-vestuario-e-acessorios-edm-construcao","7":"product_cat-construcao","9":"first","10":"instock","11":"taxable","12":"shipping-taxable","13":"purchasable","14":"product-type-simple"},"_links":{"self":[{"href":"https:\/\/casafreitas.pt\/loja\/wp-json\/wp\/v2\/product\/110091","targetHints":{"allow":["GET"]}}],"collection":[{"href":"https:\/\/casafreitas.pt\/loja\/wp-json\/wp\/v2\/product"}],"about":[{"href":"https:\/\/casafreitas.pt\/loja\/wp-json\/wp\/v2\/types\/product"}],"replies":[{"embeddable":true,"href":"https:\/\/casafreitas.pt\/loja\/wp-json\/wp\/v2\/comments?post=110091"}],"version-history":[{"count":1,"href":"https:\/\/casafreitas.pt\/loja\/wp-json\/wp\/v2\/product\/110091\/revisions"}],"predecessor-version":[{"id":110092,"href":"https:\/\/casafreitas.pt\/loja\/wp-json\/wp\/v2\/product\/110091\/revisions\/110092"}],"wp:featuredmedia":[{"embeddable":true,"href":"https:\/\/casafreitas.pt\/loja\/wp-json\/wp\/v2\/media\/110090"}],"wp:attachment":[{"href":"https:\/\/casafreitas.pt\/loja\/wp-json\/wp\/v2\/media?parent=110091"}],"wp:term":[{"taxonomy":"product_brand","embeddable":true,"href":"https:\/\/casafreitas.pt\/loja\/wp-json\/wp\/v2\/product_brand?post=110091"},{"taxonomy":"product_cat","embeddable":true,"href":"https:\/\/casafreitas.pt\/loja\/wp-json\/wp\/v2\/product_cat?post=110091"},{"taxonomy":"product_tag","embeddable":true,"href":"https:\/\/casafreitas.pt\/loja\/wp-json\/wp\/v2\/product_tag?post=110091"}],"curies":[{"name":"wp","href":"https:\/\/api.w.org\/{rel}","templated":true}]}}