{"id":110014,"date":"2025-10-01T00:02:23","date_gmt":"2025-10-01T00:02:23","guid":{"rendered":"https:\/\/casafreitas.pt\/loja\/produto\/comutador-tomada-fixa-estanque-t-tl-16a-250v-ip44\/"},"modified":"2025-10-24T02:43:46","modified_gmt":"2025-10-24T02:43:46","slug":"comutador-tomada-fixa-estanque-t-tl-16a-250v-ip44","status":"publish","type":"product","link":"https:\/\/casafreitas.pt\/loja\/produto\/comutador-tomada-fixa-estanque-t-tl-16a-250v-ip44\/","title":{"rendered":"Comutador + tomada fixa estanque t\/tl 16a 250v ip44"},"content":{"rendered":"","protected":false},"excerpt":{"rendered":"<p>Comutador + tomada fixa estanque t\/tl 16a 250v ip44. tomada fixa estanque 2p+t 16a 250v~ + comutador\/interruptor estanque, 10ax 250v~ip44. borne com parafuso. entradas para tubo de at\u00e9 \u00f820mm. dimens\u00f5es exteriores 127x80x55mm. aplica\u00e7\u00f5es: ambientes dom\u00e9sticos\/terci\u00e1rio exterior (jardim, piscina, estacionamentos, via publica, etc.<\/p>\n","protected":false},"featured_media":110013,"comment_status":"open","ping_status":"closed","template":"","meta":[],"product_brand":[],"product_cat":[1748,17349],"product_tag":[],"class_list":{"0":"post-110014","1":"product","2":"type-product","3":"status-publish","4":"has-post-thumbnail","6":"product_cat-acessorios-e-baterias-e-material-eletrico","7":"product_cat-series-estanque-acessorios-e-baterias-e-material-eletrico","9":"first","10":"instock","11":"taxable","12":"shipping-taxable","13":"purchasable","14":"product-type-simple"},"_links":{"self":[{"href":"https:\/\/casafreitas.pt\/loja\/wp-json\/wp\/v2\/product\/110014","targetHints":{"allow":["GET"]}}],"collection":[{"href":"https:\/\/casafreitas.pt\/loja\/wp-json\/wp\/v2\/product"}],"about":[{"href":"https:\/\/casafreitas.pt\/loja\/wp-json\/wp\/v2\/types\/product"}],"replies":[{"embeddable":true,"href":"https:\/\/casafreitas.pt\/loja\/wp-json\/wp\/v2\/comments?post=110014"}],"version-history":[{"count":1,"href":"https:\/\/casafreitas.pt\/loja\/wp-json\/wp\/v2\/product\/110014\/revisions"}],"predecessor-version":[{"id":110015,"href":"https:\/\/casafreitas.pt\/loja\/wp-json\/wp\/v2\/product\/110014\/revisions\/110015"}],"wp:featuredmedia":[{"embeddable":true,"href":"https:\/\/casafreitas.pt\/loja\/wp-json\/wp\/v2\/media\/110013"}],"wp:attachment":[{"href":"https:\/\/casafreitas.pt\/loja\/wp-json\/wp\/v2\/media?parent=110014"}],"wp:term":[{"taxonomy":"product_brand","embeddable":true,"href":"https:\/\/casafreitas.pt\/loja\/wp-json\/wp\/v2\/product_brand?post=110014"},{"taxonomy":"product_cat","embeddable":true,"href":"https:\/\/casafreitas.pt\/loja\/wp-json\/wp\/v2\/product_cat?post=110014"},{"taxonomy":"product_tag","embeddable":true,"href":"https:\/\/casafreitas.pt\/loja\/wp-json\/wp\/v2\/product_tag?post=110014"}],"curies":[{"name":"wp","href":"https:\/\/api.w.org\/{rel}","templated":true}]}}