{"id":109396,"date":"2025-09-30T22:57:03","date_gmt":"2025-09-30T22:57:03","guid":{"rendered":"https:\/\/casafreitas.pt\/loja\/produto\/capa-para-protecao-ferros-engomar-ptfe\/"},"modified":"2025-10-24T02:43:10","modified_gmt":"2025-10-24T02:43:10","slug":"capa-para-protecao-ferros-engomar-ptfe","status":"publish","type":"product","link":"https:\/\/casafreitas.pt\/loja\/produto\/capa-para-protecao-ferros-engomar-ptfe\/","title":{"rendered":"Capa para prote\u00e7\u00e3o de ferros de engomar ptfe"},"content":{"rendered":"","protected":false},"excerpt":{"rendered":"<p>Capa para prote\u00e7\u00e3o de ferros de engomar politetrafluoroetileno, apto para a maioria de ferros de engomar do mercado. engoma sem queimar a roupa<\/p>\n","protected":false},"featured_media":109395,"comment_status":"open","ping_status":"closed","template":"","meta":[],"product_brand":[],"product_cat":[13094,18003],"product_tag":[],"class_list":{"0":"post-109396","1":"product","2":"type-product","3":"status-publish","4":"has-post-thumbnail","6":"product_cat-acessorios-para-passar-roupa","7":"product_cat-casa-decoracao","9":"first","10":"instock","11":"taxable","12":"shipping-taxable","13":"purchasable","14":"product-type-simple"},"_links":{"self":[{"href":"https:\/\/casafreitas.pt\/loja\/wp-json\/wp\/v2\/product\/109396","targetHints":{"allow":["GET"]}}],"collection":[{"href":"https:\/\/casafreitas.pt\/loja\/wp-json\/wp\/v2\/product"}],"about":[{"href":"https:\/\/casafreitas.pt\/loja\/wp-json\/wp\/v2\/types\/product"}],"replies":[{"embeddable":true,"href":"https:\/\/casafreitas.pt\/loja\/wp-json\/wp\/v2\/comments?post=109396"}],"version-history":[{"count":1,"href":"https:\/\/casafreitas.pt\/loja\/wp-json\/wp\/v2\/product\/109396\/revisions"}],"predecessor-version":[{"id":109397,"href":"https:\/\/casafreitas.pt\/loja\/wp-json\/wp\/v2\/product\/109396\/revisions\/109397"}],"wp:featuredmedia":[{"embeddable":true,"href":"https:\/\/casafreitas.pt\/loja\/wp-json\/wp\/v2\/media\/109395"}],"wp:attachment":[{"href":"https:\/\/casafreitas.pt\/loja\/wp-json\/wp\/v2\/media?parent=109396"}],"wp:term":[{"taxonomy":"product_brand","embeddable":true,"href":"https:\/\/casafreitas.pt\/loja\/wp-json\/wp\/v2\/product_brand?post=109396"},{"taxonomy":"product_cat","embeddable":true,"href":"https:\/\/casafreitas.pt\/loja\/wp-json\/wp\/v2\/product_cat?post=109396"},{"taxonomy":"product_tag","embeddable":true,"href":"https:\/\/casafreitas.pt\/loja\/wp-json\/wp\/v2\/product_tag?post=109396"}],"curies":[{"name":"wp","href":"https:\/\/api.w.org\/{rel}","templated":true}]}}