{"id":109276,"date":"2025-09-30T22:45:45","date_gmt":"2025-09-30T22:45:45","guid":{"rendered":"https:\/\/casafreitas.pt\/loja\/produto\/balanca-mecanica-com-bol-branca-1kg-ks711-laica\/"},"modified":"2025-10-24T02:43:04","modified_gmt":"2025-10-24T02:43:04","slug":"balanca-mecanica-com-bol-branca-1kg-ks711-laica","status":"publish","type":"product","link":"https:\/\/casafreitas.pt\/loja\/produto\/balanca-mecanica-com-bol-branca-1kg-ks711-laica\/","title":{"rendered":"Balan\u00e7a mec\u00e2nica com bol branca 1kg ks711 laica"},"content":{"rendered":"","protected":false},"excerpt":{"rendered":"<p>Balan\u00e7a mec\u00e2nica com bol branca 1kg ks711 laica<\/p>\n","protected":false},"featured_media":109275,"comment_status":"open","ping_status":"closed","template":"","meta":[],"product_brand":[],"product_cat":[17386,8800],"product_tag":[],"class_list":{"0":"post-109276","1":"product","2":"type-product","3":"status-publish","4":"has-post-thumbnail","6":"product_cat-balancas-de-cozinha-pequenos-domesticos","7":"product_cat-pequenos-domesticos","9":"first","10":"instock","11":"taxable","12":"shipping-taxable","13":"purchasable","14":"product-type-simple"},"_links":{"self":[{"href":"https:\/\/casafreitas.pt\/loja\/wp-json\/wp\/v2\/product\/109276","targetHints":{"allow":["GET"]}}],"collection":[{"href":"https:\/\/casafreitas.pt\/loja\/wp-json\/wp\/v2\/product"}],"about":[{"href":"https:\/\/casafreitas.pt\/loja\/wp-json\/wp\/v2\/types\/product"}],"replies":[{"embeddable":true,"href":"https:\/\/casafreitas.pt\/loja\/wp-json\/wp\/v2\/comments?post=109276"}],"version-history":[{"count":1,"href":"https:\/\/casafreitas.pt\/loja\/wp-json\/wp\/v2\/product\/109276\/revisions"}],"predecessor-version":[{"id":109277,"href":"https:\/\/casafreitas.pt\/loja\/wp-json\/wp\/v2\/product\/109276\/revisions\/109277"}],"wp:featuredmedia":[{"embeddable":true,"href":"https:\/\/casafreitas.pt\/loja\/wp-json\/wp\/v2\/media\/109275"}],"wp:attachment":[{"href":"https:\/\/casafreitas.pt\/loja\/wp-json\/wp\/v2\/media?parent=109276"}],"wp:term":[{"taxonomy":"product_brand","embeddable":true,"href":"https:\/\/casafreitas.pt\/loja\/wp-json\/wp\/v2\/product_brand?post=109276"},{"taxonomy":"product_cat","embeddable":true,"href":"https:\/\/casafreitas.pt\/loja\/wp-json\/wp\/v2\/product_cat?post=109276"},{"taxonomy":"product_tag","embeddable":true,"href":"https:\/\/casafreitas.pt\/loja\/wp-json\/wp\/v2\/product_tag?post=109276"}],"curies":[{"name":"wp","href":"https:\/\/api.w.org\/{rel}","templated":true}]}}