{"id":109234,"date":"2025-09-30T22:41:39","date_gmt":"2025-09-30T22:41:39","guid":{"rendered":"https:\/\/casafreitas.pt\/loja\/produto\/estendal-roupa-em-aco-epoxi-branco-deposicao-80-cm\/"},"modified":"2025-10-24T02:43:00","modified_gmt":"2025-10-24T02:43:00","slug":"estendal-roupa-em-aco-epoxi-branco-deposicao-80-cm","status":"publish","type":"product","link":"https:\/\/casafreitas.pt\/loja\/produto\/estendal-roupa-em-aco-epoxi-branco-deposicao-80-cm\/","title":{"rendered":"Estendal de roupa em a\u00e7o ep\u00f3xi branco, deposi\u00e7\u00e3o 80 cm"},"content":{"rendered":"","protected":false},"excerpt":{"rendered":"<p>Estendal branco fabricado em a\u00e7o laminado a frio com baixo teor de carbono. bra\u00e7os e hastes revestidos a ep\u00f3xi-poli\u00e9ster. elevada resist\u00eancia \u00e0 ferrugem. elementos de fixa\u00e7\u00e3o inclu\u00eddos. espa\u00e7o para pendurar: 80 cm. dimens\u00f5es fechado: 80 x 11,6 x 23 cm; dimens\u00f5es aberto: 80 x 70 x 23 cm<\/p>\n","protected":false},"featured_media":109233,"comment_status":"open","ping_status":"closed","template":"","meta":[],"product_brand":[],"product_cat":[17701,18003],"product_tag":[],"class_list":{"0":"post-109234","1":"product","2":"type-product","3":"status-publish","4":"has-post-thumbnail","6":"product_cat-estendais-casa-e-decoracao","7":"product_cat-casa-decoracao","9":"first","10":"instock","11":"taxable","12":"shipping-taxable","13":"purchasable","14":"product-type-simple"},"_links":{"self":[{"href":"https:\/\/casafreitas.pt\/loja\/wp-json\/wp\/v2\/product\/109234","targetHints":{"allow":["GET"]}}],"collection":[{"href":"https:\/\/casafreitas.pt\/loja\/wp-json\/wp\/v2\/product"}],"about":[{"href":"https:\/\/casafreitas.pt\/loja\/wp-json\/wp\/v2\/types\/product"}],"replies":[{"embeddable":true,"href":"https:\/\/casafreitas.pt\/loja\/wp-json\/wp\/v2\/comments?post=109234"}],"version-history":[{"count":1,"href":"https:\/\/casafreitas.pt\/loja\/wp-json\/wp\/v2\/product\/109234\/revisions"}],"predecessor-version":[{"id":109235,"href":"https:\/\/casafreitas.pt\/loja\/wp-json\/wp\/v2\/product\/109234\/revisions\/109235"}],"wp:featuredmedia":[{"embeddable":true,"href":"https:\/\/casafreitas.pt\/loja\/wp-json\/wp\/v2\/media\/109233"}],"wp:attachment":[{"href":"https:\/\/casafreitas.pt\/loja\/wp-json\/wp\/v2\/media?parent=109234"}],"wp:term":[{"taxonomy":"product_brand","embeddable":true,"href":"https:\/\/casafreitas.pt\/loja\/wp-json\/wp\/v2\/product_brand?post=109234"},{"taxonomy":"product_cat","embeddable":true,"href":"https:\/\/casafreitas.pt\/loja\/wp-json\/wp\/v2\/product_cat?post=109234"},{"taxonomy":"product_tag","embeddable":true,"href":"https:\/\/casafreitas.pt\/loja\/wp-json\/wp\/v2\/product_tag?post=109234"}],"curies":[{"name":"wp","href":"https:\/\/api.w.org\/{rel}","templated":true}]}}