{"id":108976,"date":"2025-09-30T22:12:40","date_gmt":"2025-09-30T22:12:40","guid":{"rendered":"https:\/\/casafreitas.pt\/loja\/produto\/fogao-eletrico-dois-queimadores-2500-w-branco-46-x-265-x-7-cm\/"},"modified":"2025-10-24T02:42:45","modified_gmt":"2025-10-24T02:42:45","slug":"fogao-eletrico-dois-queimadores-2500-w-branco-46-x-265-x-7-cm","status":"publish","type":"product","link":"https:\/\/casafreitas.pt\/loja\/produto\/fogao-eletrico-dois-queimadores-2500-w-branco-46-x-265-x-7-cm\/","title":{"rendered":"Fog\u00e3o el\u00e9trico dois queimadores 2500 w branco, 46 x 26,5 x 7 cm"},"content":{"rendered":"","protected":false},"excerpt":{"rendered":"<p>Fog\u00e3o el\u00e9trico de dois queimadores 2500 w branco, corpo de a\u00e7o, queimadores de \u00f8185, \u00f8155 mm, 5 n\u00edveis de calor, p\u00e9s de borracha antiderrapantes, luz indicadora, comprimento do cabo 90 cm, 220-240 v ~ 50\/60 hz, 46 x 26,5 x 7 cm<\/p>\n","protected":false},"featured_media":108975,"comment_status":"open","ping_status":"closed","template":"","meta":[],"product_brand":[],"product_cat":[17396,8800],"product_tag":[12321],"class_list":{"0":"post-108976","1":"product","2":"type-product","3":"status-publish","4":"has-post-thumbnail","6":"product_cat-fogoes-electricos-a-gas-inducao-pequenos-domesticos","7":"product_cat-pequenos-domesticos","8":"product_tag-adler","10":"first","11":"instock","12":"taxable","13":"shipping-taxable","14":"purchasable","15":"product-type-simple"},"_links":{"self":[{"href":"https:\/\/casafreitas.pt\/loja\/wp-json\/wp\/v2\/product\/108976","targetHints":{"allow":["GET"]}}],"collection":[{"href":"https:\/\/casafreitas.pt\/loja\/wp-json\/wp\/v2\/product"}],"about":[{"href":"https:\/\/casafreitas.pt\/loja\/wp-json\/wp\/v2\/types\/product"}],"replies":[{"embeddable":true,"href":"https:\/\/casafreitas.pt\/loja\/wp-json\/wp\/v2\/comments?post=108976"}],"version-history":[{"count":1,"href":"https:\/\/casafreitas.pt\/loja\/wp-json\/wp\/v2\/product\/108976\/revisions"}],"predecessor-version":[{"id":108977,"href":"https:\/\/casafreitas.pt\/loja\/wp-json\/wp\/v2\/product\/108976\/revisions\/108977"}],"wp:featuredmedia":[{"embeddable":true,"href":"https:\/\/casafreitas.pt\/loja\/wp-json\/wp\/v2\/media\/108975"}],"wp:attachment":[{"href":"https:\/\/casafreitas.pt\/loja\/wp-json\/wp\/v2\/media?parent=108976"}],"wp:term":[{"taxonomy":"product_brand","embeddable":true,"href":"https:\/\/casafreitas.pt\/loja\/wp-json\/wp\/v2\/product_brand?post=108976"},{"taxonomy":"product_cat","embeddable":true,"href":"https:\/\/casafreitas.pt\/loja\/wp-json\/wp\/v2\/product_cat?post=108976"},{"taxonomy":"product_tag","embeddable":true,"href":"https:\/\/casafreitas.pt\/loja\/wp-json\/wp\/v2\/product_tag?post=108976"}],"curies":[{"name":"wp","href":"https:\/\/api.w.org\/{rel}","templated":true}]}}