{"id":108958,"date":"2025-09-30T22:10:19","date_gmt":"2025-09-30T22:10:19","guid":{"rendered":"https:\/\/casafreitas.pt\/loja\/produto\/maquina-gelados-cr4481-branco-90-w-07-l\/"},"modified":"2025-10-24T02:42:42","modified_gmt":"2025-10-24T02:42:42","slug":"maquina-gelados-cr4481-branco-90-w-07-l","status":"publish","type":"product","link":"https:\/\/casafreitas.pt\/loja\/produto\/maquina-gelados-cr4481-branco-90-w-07-l\/","title":{"rendered":"M\u00e1quina de gelados cr4481, branco, 90 w 0,7 l"},"content":{"rendered":"","protected":false},"excerpt":{"rendered":"<p>M\u00e1quina de gelados cr4481, capacidade total: 0,7 l, capacidade de trabalho: 0,3 l; obetenha um gelado com apenas tocar num bot\u00e3o e esperar 30 minutos; gelado, granizado e yogurt gelado, 2 tipos de congela\u00e7\u00e3o \u00e0 escolha tigela antiaderente f\u00e1cil de limpar; n\u00e3o precisa pr\u00e9-refrigerar os alimentos; inclui: colher de gelado, esp\u00e1tula e copo medidor; 90 w, 100-240 v ~50\/60 hz<\/p>\n","protected":false},"featured_media":108957,"comment_status":"open","ping_status":"closed","template":"","meta":[],"product_brand":[],"product_cat":[17398,8800],"product_tag":[12325],"class_list":{"0":"post-108958","1":"product","2":"type-product","3":"status-publish","4":"has-post-thumbnail","6":"product_cat-fun-cooking-pequenos-domesticos","7":"product_cat-pequenos-domesticos","8":"product_tag-camry","10":"first","11":"instock","12":"taxable","13":"shipping-taxable","14":"purchasable","15":"product-type-simple"},"_links":{"self":[{"href":"https:\/\/casafreitas.pt\/loja\/wp-json\/wp\/v2\/product\/108958","targetHints":{"allow":["GET"]}}],"collection":[{"href":"https:\/\/casafreitas.pt\/loja\/wp-json\/wp\/v2\/product"}],"about":[{"href":"https:\/\/casafreitas.pt\/loja\/wp-json\/wp\/v2\/types\/product"}],"replies":[{"embeddable":true,"href":"https:\/\/casafreitas.pt\/loja\/wp-json\/wp\/v2\/comments?post=108958"}],"version-history":[{"count":1,"href":"https:\/\/casafreitas.pt\/loja\/wp-json\/wp\/v2\/product\/108958\/revisions"}],"predecessor-version":[{"id":108959,"href":"https:\/\/casafreitas.pt\/loja\/wp-json\/wp\/v2\/product\/108958\/revisions\/108959"}],"wp:featuredmedia":[{"embeddable":true,"href":"https:\/\/casafreitas.pt\/loja\/wp-json\/wp\/v2\/media\/108957"}],"wp:attachment":[{"href":"https:\/\/casafreitas.pt\/loja\/wp-json\/wp\/v2\/media?parent=108958"}],"wp:term":[{"taxonomy":"product_brand","embeddable":true,"href":"https:\/\/casafreitas.pt\/loja\/wp-json\/wp\/v2\/product_brand?post=108958"},{"taxonomy":"product_cat","embeddable":true,"href":"https:\/\/casafreitas.pt\/loja\/wp-json\/wp\/v2\/product_cat?post=108958"},{"taxonomy":"product_tag","embeddable":true,"href":"https:\/\/casafreitas.pt\/loja\/wp-json\/wp\/v2\/product_tag?post=108958"}],"curies":[{"name":"wp","href":"https:\/\/api.w.org\/{rel}","templated":true}]}}