{"id":108946,"date":"2025-09-30T22:06:37","date_gmt":"2025-09-30T22:06:37","guid":{"rendered":"https:\/\/casafreitas.pt\/loja\/produto\/substituicao-junta-panela-san-ignacio-para-modelo-creta\/"},"modified":"2025-10-24T02:42:41","modified_gmt":"2025-10-24T02:42:41","slug":"substituicao-junta-panela-san-ignacio-para-modelo-creta","status":"publish","type":"product","link":"https:\/\/casafreitas.pt\/loja\/produto\/substituicao-junta-panela-san-ignacio-para-modelo-creta\/","title":{"rendered":"Substitui\u00e7\u00e3o da junta da panela san ignacio para o modelo creta"},"content":{"rendered":"","protected":false},"excerpt":{"rendered":"<p>Junta de tampa de substitui\u00e7\u00e3o para panela de press\u00e3o san ignacio, modelo creta. material silicone cinza. \u00f822 cm<\/p>\n","protected":false},"featured_media":108945,"comment_status":"open","ping_status":"closed","template":"","meta":[],"product_brand":[],"product_cat":[1748,17332],"product_tag":[],"class_list":{"0":"post-108946","1":"product","2":"type-product","3":"status-publish","4":"has-post-thumbnail","6":"product_cat-acessorios-e-baterias-e-material-eletrico","7":"product_cat-pecas-de-reposicao-san-ignacio-acessorios-e-baterias-e-material-eletrico","9":"first","10":"instock","11":"taxable","12":"shipping-taxable","13":"purchasable","14":"product-type-simple"},"_links":{"self":[{"href":"https:\/\/casafreitas.pt\/loja\/wp-json\/wp\/v2\/product\/108946","targetHints":{"allow":["GET"]}}],"collection":[{"href":"https:\/\/casafreitas.pt\/loja\/wp-json\/wp\/v2\/product"}],"about":[{"href":"https:\/\/casafreitas.pt\/loja\/wp-json\/wp\/v2\/types\/product"}],"replies":[{"embeddable":true,"href":"https:\/\/casafreitas.pt\/loja\/wp-json\/wp\/v2\/comments?post=108946"}],"version-history":[{"count":1,"href":"https:\/\/casafreitas.pt\/loja\/wp-json\/wp\/v2\/product\/108946\/revisions"}],"predecessor-version":[{"id":108947,"href":"https:\/\/casafreitas.pt\/loja\/wp-json\/wp\/v2\/product\/108946\/revisions\/108947"}],"wp:featuredmedia":[{"embeddable":true,"href":"https:\/\/casafreitas.pt\/loja\/wp-json\/wp\/v2\/media\/108945"}],"wp:attachment":[{"href":"https:\/\/casafreitas.pt\/loja\/wp-json\/wp\/v2\/media?parent=108946"}],"wp:term":[{"taxonomy":"product_brand","embeddable":true,"href":"https:\/\/casafreitas.pt\/loja\/wp-json\/wp\/v2\/product_brand?post=108946"},{"taxonomy":"product_cat","embeddable":true,"href":"https:\/\/casafreitas.pt\/loja\/wp-json\/wp\/v2\/product_cat?post=108946"},{"taxonomy":"product_tag","embeddable":true,"href":"https:\/\/casafreitas.pt\/loja\/wp-json\/wp\/v2\/product_tag?post=108946"}],"curies":[{"name":"wp","href":"https:\/\/api.w.org\/{rel}","templated":true}]}}