{"id":108868,"date":"2025-09-30T21:58:44","date_gmt":"2025-09-30T21:58:44","guid":{"rendered":"https:\/\/casafreitas.pt\/loja\/produto\/vassoura-eletrostatica-pet-pro\/"},"modified":"2025-10-24T02:42:37","modified_gmt":"2025-10-24T02:42:37","slug":"vassoura-eletrostatica-pet-pro","status":"publish","type":"product","link":"https:\/\/casafreitas.pt\/loja\/produto\/vassoura-eletrostatica-pet-pro\/","title":{"rendered":"Vassoura eletrost\u00e1tica pet pro"},"content":{"rendered":"","protected":false},"excerpt":{"rendered":"<p>Remove o pelo dos animais de estima\u00e7\u00e3o das superf\u00edcies t\u00eaxteis de forma r\u00e1pida e f\u00e1cil, sem esfor\u00e7o. cerdas suaves de borracha que atraem e recolhem o pelo de qualquer superf\u00edcie t\u00eaxtil gra\u00e7as \u00e0 a\u00e7\u00e3o eletrost\u00e1tica ergon\u00f3mica para adaptar-se aos espa\u00e7os reduzidos ou para o carro. f\u00e1cil de limpa, basta com enxaguar com \u00e1gua debaixo da torneira<\/p>\n","protected":false},"featured_media":108867,"comment_status":"open","ping_status":"closed","template":"","meta":[],"product_brand":[],"product_cat":[17729,18003],"product_tag":[],"class_list":{"0":"post-108868","1":"product","2":"type-product","3":"status-publish","4":"has-post-thumbnail","6":"product_cat-removedor-de-fios-casa-e-decoracao","7":"product_cat-casa-decoracao","9":"first","10":"instock","11":"taxable","12":"shipping-taxable","13":"purchasable","14":"product-type-simple"},"_links":{"self":[{"href":"https:\/\/casafreitas.pt\/loja\/wp-json\/wp\/v2\/product\/108868","targetHints":{"allow":["GET"]}}],"collection":[{"href":"https:\/\/casafreitas.pt\/loja\/wp-json\/wp\/v2\/product"}],"about":[{"href":"https:\/\/casafreitas.pt\/loja\/wp-json\/wp\/v2\/types\/product"}],"replies":[{"embeddable":true,"href":"https:\/\/casafreitas.pt\/loja\/wp-json\/wp\/v2\/comments?post=108868"}],"version-history":[{"count":1,"href":"https:\/\/casafreitas.pt\/loja\/wp-json\/wp\/v2\/product\/108868\/revisions"}],"predecessor-version":[{"id":108869,"href":"https:\/\/casafreitas.pt\/loja\/wp-json\/wp\/v2\/product\/108868\/revisions\/108869"}],"wp:featuredmedia":[{"embeddable":true,"href":"https:\/\/casafreitas.pt\/loja\/wp-json\/wp\/v2\/media\/108867"}],"wp:attachment":[{"href":"https:\/\/casafreitas.pt\/loja\/wp-json\/wp\/v2\/media?parent=108868"}],"wp:term":[{"taxonomy":"product_brand","embeddable":true,"href":"https:\/\/casafreitas.pt\/loja\/wp-json\/wp\/v2\/product_brand?post=108868"},{"taxonomy":"product_cat","embeddable":true,"href":"https:\/\/casafreitas.pt\/loja\/wp-json\/wp\/v2\/product_cat?post=108868"},{"taxonomy":"product_tag","embeddable":true,"href":"https:\/\/casafreitas.pt\/loja\/wp-json\/wp\/v2\/product_tag?post=108868"}],"curies":[{"name":"wp","href":"https:\/\/api.w.org\/{rel}","templated":true}]}}