{"id":108853,"date":"2025-09-30T21:57:19","date_gmt":"2025-09-30T21:57:19","guid":{"rendered":"https:\/\/casafreitas.pt\/loja\/produto\/estendal-ibiza-100-aco-deposicao-20-m\/"},"modified":"2025-10-24T02:42:36","modified_gmt":"2025-10-24T02:42:36","slug":"estendal-ibiza-100-aco-deposicao-20-m","status":"publish","type":"product","link":"https:\/\/casafreitas.pt\/loja\/produto\/estendal-ibiza-100-aco-deposicao-20-m\/","title":{"rendered":"Estendal ibiza 100% a\u00e7o, deposi\u00e7\u00e3o 20 m"},"content":{"rendered":"","protected":false},"excerpt":{"rendered":"<p>Estendal ibiza 100% a\u00e7o, var\u00f5es resistentes com soldadura controlada, jun\u00e7\u00e3o soldada ao tubo para maior resist\u00eancia e estabilidade. p\u00e9s antiderrapantes para maior seguran\u00e7a e estabilidade. inclui cesto para guardar molas de roupa e cabide para colocar no estendal. espa\u00e7o do estendal 20 m<\/p>\n","protected":false},"featured_media":108852,"comment_status":"open","ping_status":"closed","template":"","meta":[],"product_brand":[],"product_cat":[17701,18003],"product_tag":[],"class_list":{"0":"post-108853","1":"product","2":"type-product","3":"status-publish","4":"has-post-thumbnail","6":"product_cat-estendais-casa-e-decoracao","7":"product_cat-casa-decoracao","9":"first","10":"instock","11":"taxable","12":"shipping-taxable","13":"purchasable","14":"product-type-simple"},"_links":{"self":[{"href":"https:\/\/casafreitas.pt\/loja\/wp-json\/wp\/v2\/product\/108853","targetHints":{"allow":["GET"]}}],"collection":[{"href":"https:\/\/casafreitas.pt\/loja\/wp-json\/wp\/v2\/product"}],"about":[{"href":"https:\/\/casafreitas.pt\/loja\/wp-json\/wp\/v2\/types\/product"}],"replies":[{"embeddable":true,"href":"https:\/\/casafreitas.pt\/loja\/wp-json\/wp\/v2\/comments?post=108853"}],"version-history":[{"count":1,"href":"https:\/\/casafreitas.pt\/loja\/wp-json\/wp\/v2\/product\/108853\/revisions"}],"predecessor-version":[{"id":108854,"href":"https:\/\/casafreitas.pt\/loja\/wp-json\/wp\/v2\/product\/108853\/revisions\/108854"}],"wp:featuredmedia":[{"embeddable":true,"href":"https:\/\/casafreitas.pt\/loja\/wp-json\/wp\/v2\/media\/108852"}],"wp:attachment":[{"href":"https:\/\/casafreitas.pt\/loja\/wp-json\/wp\/v2\/media?parent=108853"}],"wp:term":[{"taxonomy":"product_brand","embeddable":true,"href":"https:\/\/casafreitas.pt\/loja\/wp-json\/wp\/v2\/product_brand?post=108853"},{"taxonomy":"product_cat","embeddable":true,"href":"https:\/\/casafreitas.pt\/loja\/wp-json\/wp\/v2\/product_cat?post=108853"},{"taxonomy":"product_tag","embeddable":true,"href":"https:\/\/casafreitas.pt\/loja\/wp-json\/wp\/v2\/product_tag?post=108853"}],"curies":[{"name":"wp","href":"https:\/\/api.w.org\/{rel}","templated":true}]}}