{"id":108847,"date":"2025-09-30T21:56:46","date_gmt":"2025-09-30T21:56:46","guid":{"rendered":"https:\/\/casafreitas.pt\/loja\/produto\/estendal-extra-ultimate-preto-mate-deposicao-20-m\/"},"modified":"2025-10-24T02:42:36","modified_gmt":"2025-10-24T02:42:36","slug":"estendal-extra-ultimate-preto-mate-deposicao-20-m","status":"publish","type":"product","link":"https:\/\/casafreitas.pt\/loja\/produto\/estendal-extra-ultimate-preto-mate-deposicao-20-m\/","title":{"rendered":"Estendal extra ultimate preto mate, deposi\u00e7\u00e3o 20 m"},"content":{"rendered":"","protected":false},"excerpt":{"rendered":"<p>Estendal preto fosco com acess\u00f3rios e hastes em alum\u00ednio antirrugas tamanho xxl. tecnologia de bloqueio duplo do tubo, cabide duplo para acess\u00f3rios. espa\u00e7o para estender 20 m<\/p>\n","protected":false},"featured_media":108846,"comment_status":"open","ping_status":"closed","template":"","meta":[],"product_brand":[],"product_cat":[17701,18003],"product_tag":[],"class_list":{"0":"post-108847","1":"product","2":"type-product","3":"status-publish","4":"has-post-thumbnail","6":"product_cat-estendais-casa-e-decoracao","7":"product_cat-casa-decoracao","9":"first","10":"instock","11":"taxable","12":"shipping-taxable","13":"purchasable","14":"product-type-simple"},"_links":{"self":[{"href":"https:\/\/casafreitas.pt\/loja\/wp-json\/wp\/v2\/product\/108847","targetHints":{"allow":["GET"]}}],"collection":[{"href":"https:\/\/casafreitas.pt\/loja\/wp-json\/wp\/v2\/product"}],"about":[{"href":"https:\/\/casafreitas.pt\/loja\/wp-json\/wp\/v2\/types\/product"}],"replies":[{"embeddable":true,"href":"https:\/\/casafreitas.pt\/loja\/wp-json\/wp\/v2\/comments?post=108847"}],"version-history":[{"count":1,"href":"https:\/\/casafreitas.pt\/loja\/wp-json\/wp\/v2\/product\/108847\/revisions"}],"predecessor-version":[{"id":108848,"href":"https:\/\/casafreitas.pt\/loja\/wp-json\/wp\/v2\/product\/108847\/revisions\/108848"}],"wp:featuredmedia":[{"embeddable":true,"href":"https:\/\/casafreitas.pt\/loja\/wp-json\/wp\/v2\/media\/108846"}],"wp:attachment":[{"href":"https:\/\/casafreitas.pt\/loja\/wp-json\/wp\/v2\/media?parent=108847"}],"wp:term":[{"taxonomy":"product_brand","embeddable":true,"href":"https:\/\/casafreitas.pt\/loja\/wp-json\/wp\/v2\/product_brand?post=108847"},{"taxonomy":"product_cat","embeddable":true,"href":"https:\/\/casafreitas.pt\/loja\/wp-json\/wp\/v2\/product_cat?post=108847"},{"taxonomy":"product_tag","embeddable":true,"href":"https:\/\/casafreitas.pt\/loja\/wp-json\/wp\/v2\/product_tag?post=108847"}],"curies":[{"name":"wp","href":"https:\/\/api.w.org\/{rel}","templated":true}]}}