{"id":108841,"date":"2025-09-30T21:56:13","date_gmt":"2025-09-30T21:56:13","guid":{"rendered":"https:\/\/casafreitas.pt\/loja\/produto\/tabua-engomar-diamond-120-x-38-cm\/"},"modified":"2025-10-24T02:42:36","modified_gmt":"2025-10-24T02:42:36","slug":"tabua-engomar-diamond-120-x-38-cm","status":"publish","type":"product","link":"https:\/\/casafreitas.pt\/loja\/produto\/tabua-engomar-diamond-120-x-38-cm\/","title":{"rendered":"T\u00e1bua de engomar diamond 120 x 38 cm"},"content":{"rendered":"","protected":false},"excerpt":{"rendered":"<p>Tabua diamond, com capa tratada com tit\u00e2nio e revestimento de di\u00f3xido de tit\u00e2nio para maior resist\u00eancia ao calor (at\u00e9 200\u00b0c) em compara\u00e7\u00e3o com o algod\u00e3o tradicional. sistema de seguran\u00e7a para crian\u00e7as e cabide. com fecho de seguran\u00e7a, fecho de transporte e furos para cabides. m\u00e1xima seguran\u00e7a e estabilidade. p\u00e9s de \u00f828 mm e estrutura em a\u00e7o de elevada qualidade. espa\u00e7o para passar a ferro 120 x 38 cm<\/p>\n","protected":false},"featured_media":108840,"comment_status":"open","ping_status":"closed","template":"","meta":[],"product_brand":[],"product_cat":[13094,18003],"product_tag":[],"class_list":{"0":"post-108841","1":"product","2":"type-product","3":"status-publish","4":"has-post-thumbnail","6":"product_cat-acessorios-para-passar-roupa","7":"product_cat-casa-decoracao","9":"first","10":"instock","11":"taxable","12":"shipping-taxable","13":"purchasable","14":"product-type-simple"},"_links":{"self":[{"href":"https:\/\/casafreitas.pt\/loja\/wp-json\/wp\/v2\/product\/108841","targetHints":{"allow":["GET"]}}],"collection":[{"href":"https:\/\/casafreitas.pt\/loja\/wp-json\/wp\/v2\/product"}],"about":[{"href":"https:\/\/casafreitas.pt\/loja\/wp-json\/wp\/v2\/types\/product"}],"replies":[{"embeddable":true,"href":"https:\/\/casafreitas.pt\/loja\/wp-json\/wp\/v2\/comments?post=108841"}],"version-history":[{"count":1,"href":"https:\/\/casafreitas.pt\/loja\/wp-json\/wp\/v2\/product\/108841\/revisions"}],"predecessor-version":[{"id":108842,"href":"https:\/\/casafreitas.pt\/loja\/wp-json\/wp\/v2\/product\/108841\/revisions\/108842"}],"wp:featuredmedia":[{"embeddable":true,"href":"https:\/\/casafreitas.pt\/loja\/wp-json\/wp\/v2\/media\/108840"}],"wp:attachment":[{"href":"https:\/\/casafreitas.pt\/loja\/wp-json\/wp\/v2\/media?parent=108841"}],"wp:term":[{"taxonomy":"product_brand","embeddable":true,"href":"https:\/\/casafreitas.pt\/loja\/wp-json\/wp\/v2\/product_brand?post=108841"},{"taxonomy":"product_cat","embeddable":true,"href":"https:\/\/casafreitas.pt\/loja\/wp-json\/wp\/v2\/product_cat?post=108841"},{"taxonomy":"product_tag","embeddable":true,"href":"https:\/\/casafreitas.pt\/loja\/wp-json\/wp\/v2\/product_tag?post=108841"}],"curies":[{"name":"wp","href":"https:\/\/api.w.org\/{rel}","templated":true}]}}