{"id":108826,"date":"2025-09-30T21:54:47","date_gmt":"2025-09-30T21:54:47","guid":{"rendered":"https:\/\/casafreitas.pt\/loja\/produto\/estendal-branco-zaffiro-deposicao-20-m\/"},"modified":"2025-10-24T02:42:35","modified_gmt":"2025-10-24T02:42:35","slug":"estendal-branco-zaffiro-deposicao-20-m","status":"publish","type":"product","link":"https:\/\/casafreitas.pt\/loja\/produto\/estendal-branco-zaffiro-deposicao-20-m\/","title":{"rendered":"Estendal branco zaffiro, deposi\u00e7\u00e3o 20 m"},"content":{"rendered":"","protected":false},"excerpt":{"rendered":"<p>Estendal branco 100% de resina, ideal para uso em exteriores. inclu\u00ed rodas, bloqueio de asas e um bot\u00e3o de seguran\u00e7a anti-fecho. resistente e est\u00e1vel.espa\u00e7o para estender 20 m. dimens\u00f5es 182 x 55 x 110 cm<\/p>\n","protected":false},"featured_media":108825,"comment_status":"open","ping_status":"closed","template":"","meta":[],"product_brand":[],"product_cat":[17701,18003],"product_tag":[],"class_list":{"0":"post-108826","1":"product","2":"type-product","3":"status-publish","4":"has-post-thumbnail","6":"product_cat-estendais-casa-e-decoracao","7":"product_cat-casa-decoracao","9":"first","10":"instock","11":"taxable","12":"shipping-taxable","13":"purchasable","14":"product-type-simple"},"_links":{"self":[{"href":"https:\/\/casafreitas.pt\/loja\/wp-json\/wp\/v2\/product\/108826","targetHints":{"allow":["GET"]}}],"collection":[{"href":"https:\/\/casafreitas.pt\/loja\/wp-json\/wp\/v2\/product"}],"about":[{"href":"https:\/\/casafreitas.pt\/loja\/wp-json\/wp\/v2\/types\/product"}],"replies":[{"embeddable":true,"href":"https:\/\/casafreitas.pt\/loja\/wp-json\/wp\/v2\/comments?post=108826"}],"version-history":[{"count":1,"href":"https:\/\/casafreitas.pt\/loja\/wp-json\/wp\/v2\/product\/108826\/revisions"}],"predecessor-version":[{"id":108827,"href":"https:\/\/casafreitas.pt\/loja\/wp-json\/wp\/v2\/product\/108826\/revisions\/108827"}],"wp:featuredmedia":[{"embeddable":true,"href":"https:\/\/casafreitas.pt\/loja\/wp-json\/wp\/v2\/media\/108825"}],"wp:attachment":[{"href":"https:\/\/casafreitas.pt\/loja\/wp-json\/wp\/v2\/media?parent=108826"}],"wp:term":[{"taxonomy":"product_brand","embeddable":true,"href":"https:\/\/casafreitas.pt\/loja\/wp-json\/wp\/v2\/product_brand?post=108826"},{"taxonomy":"product_cat","embeddable":true,"href":"https:\/\/casafreitas.pt\/loja\/wp-json\/wp\/v2\/product_cat?post=108826"},{"taxonomy":"product_tag","embeddable":true,"href":"https:\/\/casafreitas.pt\/loja\/wp-json\/wp\/v2\/product_tag?post=108826"}],"curies":[{"name":"wp","href":"https:\/\/api.w.org\/{rel}","templated":true}]}}