{"id":108811,"date":"2025-09-30T21:53:12","date_gmt":"2025-09-30T21:53:12","guid":{"rendered":"https:\/\/casafreitas.pt\/loja\/produto\/estendal-x-legs-extra-deposicao-20-m\/"},"modified":"2025-10-24T02:42:35","modified_gmt":"2025-10-24T02:42:35","slug":"estendal-x-legs-extra-deposicao-20-m","status":"publish","type":"product","link":"https:\/\/casafreitas.pt\/loja\/produto\/estendal-x-legs-extra-deposicao-20-m\/","title":{"rendered":"Estendal x legs extra, deposi\u00e7\u00e3o 20 m"},"content":{"rendered":"","protected":false},"excerpt":{"rendered":"<p>Estendal com pernas de a\u00e7o e dobr\u00e1vel e varitas de alumin\u00edo grossas. inclu\u00ed rodas, angulares antiderrapantes, protetores anti-arranh\u00f5es, bloqueio de asas e acess\u00f3rio para pendurar pe\u00e7as pequenas. espa\u00e7o para estender 20 m<\/p>\n","protected":false},"featured_media":108810,"comment_status":"open","ping_status":"closed","template":"","meta":[],"product_brand":[],"product_cat":[17701,18003],"product_tag":[],"class_list":{"0":"post-108811","1":"product","2":"type-product","3":"status-publish","4":"has-post-thumbnail","6":"product_cat-estendais-casa-e-decoracao","7":"product_cat-casa-decoracao","9":"first","10":"instock","11":"taxable","12":"shipping-taxable","13":"purchasable","14":"product-type-simple"},"_links":{"self":[{"href":"https:\/\/casafreitas.pt\/loja\/wp-json\/wp\/v2\/product\/108811","targetHints":{"allow":["GET"]}}],"collection":[{"href":"https:\/\/casafreitas.pt\/loja\/wp-json\/wp\/v2\/product"}],"about":[{"href":"https:\/\/casafreitas.pt\/loja\/wp-json\/wp\/v2\/types\/product"}],"replies":[{"embeddable":true,"href":"https:\/\/casafreitas.pt\/loja\/wp-json\/wp\/v2\/comments?post=108811"}],"version-history":[{"count":1,"href":"https:\/\/casafreitas.pt\/loja\/wp-json\/wp\/v2\/product\/108811\/revisions"}],"predecessor-version":[{"id":108812,"href":"https:\/\/casafreitas.pt\/loja\/wp-json\/wp\/v2\/product\/108811\/revisions\/108812"}],"wp:featuredmedia":[{"embeddable":true,"href":"https:\/\/casafreitas.pt\/loja\/wp-json\/wp\/v2\/media\/108810"}],"wp:attachment":[{"href":"https:\/\/casafreitas.pt\/loja\/wp-json\/wp\/v2\/media?parent=108811"}],"wp:term":[{"taxonomy":"product_brand","embeddable":true,"href":"https:\/\/casafreitas.pt\/loja\/wp-json\/wp\/v2\/product_brand?post=108811"},{"taxonomy":"product_cat","embeddable":true,"href":"https:\/\/casafreitas.pt\/loja\/wp-json\/wp\/v2\/product_cat?post=108811"},{"taxonomy":"product_tag","embeddable":true,"href":"https:\/\/casafreitas.pt\/loja\/wp-json\/wp\/v2\/product_tag?post=108811"}],"curies":[{"name":"wp","href":"https:\/\/api.w.org\/{rel}","templated":true}]}}