{"id":108802,"date":"2025-09-30T21:52:22","date_gmt":"2025-09-30T21:52:22","guid":{"rendered":"https:\/\/casafreitas.pt\/loja\/produto\/estendal-torre-mixer-3-deposicao-30-m\/"},"modified":"2025-10-24T02:42:34","modified_gmt":"2025-10-24T02:42:34","slug":"estendal-torre-mixer-3-deposicao-30-m","status":"publish","type":"product","link":"https:\/\/casafreitas.pt\/loja\/produto\/estendal-torre-mixer-3-deposicao-30-m\/","title":{"rendered":"Estendal torre mixer 3, deposi\u00e7\u00e3o 30 m"},"content":{"rendered":"","protected":false},"excerpt":{"rendered":"<p>Estendal feito de a\u00e7o com tr\u00eas nive\u00eds. permite otimizar o espa\u00e7o j\u00e1 que se pode diminuir a metade e usar dentro da duche. inclu\u00ed rodas, acess\u00f3rio para pendurar pe\u00e7as pequenas e 2 lugares para pendurar o cabide. espa\u00e7o de coloca\u00e7\u00e3o 30 m<\/p>\n","protected":false},"featured_media":108801,"comment_status":"open","ping_status":"closed","template":"","meta":[],"product_brand":[],"product_cat":[17701,18003],"product_tag":[],"class_list":{"0":"post-108802","1":"product","2":"type-product","3":"status-publish","4":"has-post-thumbnail","6":"product_cat-estendais-casa-e-decoracao","7":"product_cat-casa-decoracao","9":"first","10":"instock","11":"taxable","12":"shipping-taxable","13":"purchasable","14":"product-type-simple"},"_links":{"self":[{"href":"https:\/\/casafreitas.pt\/loja\/wp-json\/wp\/v2\/product\/108802","targetHints":{"allow":["GET"]}}],"collection":[{"href":"https:\/\/casafreitas.pt\/loja\/wp-json\/wp\/v2\/product"}],"about":[{"href":"https:\/\/casafreitas.pt\/loja\/wp-json\/wp\/v2\/types\/product"}],"replies":[{"embeddable":true,"href":"https:\/\/casafreitas.pt\/loja\/wp-json\/wp\/v2\/comments?post=108802"}],"version-history":[{"count":1,"href":"https:\/\/casafreitas.pt\/loja\/wp-json\/wp\/v2\/product\/108802\/revisions"}],"predecessor-version":[{"id":108803,"href":"https:\/\/casafreitas.pt\/loja\/wp-json\/wp\/v2\/product\/108802\/revisions\/108803"}],"wp:featuredmedia":[{"embeddable":true,"href":"https:\/\/casafreitas.pt\/loja\/wp-json\/wp\/v2\/media\/108801"}],"wp:attachment":[{"href":"https:\/\/casafreitas.pt\/loja\/wp-json\/wp\/v2\/media?parent=108802"}],"wp:term":[{"taxonomy":"product_brand","embeddable":true,"href":"https:\/\/casafreitas.pt\/loja\/wp-json\/wp\/v2\/product_brand?post=108802"},{"taxonomy":"product_cat","embeddable":true,"href":"https:\/\/casafreitas.pt\/loja\/wp-json\/wp\/v2\/product_cat?post=108802"},{"taxonomy":"product_tag","embeddable":true,"href":"https:\/\/casafreitas.pt\/loja\/wp-json\/wp\/v2\/product_tag?post=108802"}],"curies":[{"name":"wp","href":"https:\/\/api.w.org\/{rel}","templated":true}]}}