{"id":108796,"date":"2025-09-30T21:51:49","date_gmt":"2025-09-30T21:51:49","guid":{"rendered":"https:\/\/casafreitas.pt\/loja\/produto\/tabua-engomar-total-reflect-plus-130-x-44-cm\/"},"modified":"2025-10-24T02:42:34","modified_gmt":"2025-10-24T02:42:34","slug":"tabua-engomar-total-reflect-plus-130-x-44-cm","status":"publish","type":"product","link":"https:\/\/casafreitas.pt\/loja\/produto\/tabua-engomar-total-reflect-plus-130-x-44-cm\/","title":{"rendered":"T\u00e1bua de engomar total reflect plus 130 x 44 cm"},"content":{"rendered":"","protected":false},"excerpt":{"rendered":"<p>T\u00e1bua grande, muito est\u00e1vel e resistente, com p\u00e9s extra largos, ideal para centros de engomar. a estrutura foi concebida para permitir a passagem do vapor. a capa reflete o calor de forma mais eficiente, permitindo uma passagem mais r\u00e1pida e confort\u00e1vel. inclui ficha, guia de cabos, sistema de regula\u00e7\u00e3o em altura e sistema de fixa\u00e7\u00e3o click&amp;stop. duas alturas dispon\u00edveis: 74 cm ou 97 cm. zona de engomar: 130 x 44 cm<\/p>\n","protected":false},"featured_media":108795,"comment_status":"open","ping_status":"closed","template":"","meta":[],"product_brand":[],"product_cat":[13094,18003],"product_tag":[],"class_list":{"0":"post-108796","1":"product","2":"type-product","3":"status-publish","4":"has-post-thumbnail","6":"product_cat-acessorios-para-passar-roupa","7":"product_cat-casa-decoracao","9":"first","10":"instock","11":"taxable","12":"shipping-taxable","13":"purchasable","14":"product-type-simple"},"_links":{"self":[{"href":"https:\/\/casafreitas.pt\/loja\/wp-json\/wp\/v2\/product\/108796","targetHints":{"allow":["GET"]}}],"collection":[{"href":"https:\/\/casafreitas.pt\/loja\/wp-json\/wp\/v2\/product"}],"about":[{"href":"https:\/\/casafreitas.pt\/loja\/wp-json\/wp\/v2\/types\/product"}],"replies":[{"embeddable":true,"href":"https:\/\/casafreitas.pt\/loja\/wp-json\/wp\/v2\/comments?post=108796"}],"version-history":[{"count":1,"href":"https:\/\/casafreitas.pt\/loja\/wp-json\/wp\/v2\/product\/108796\/revisions"}],"predecessor-version":[{"id":108797,"href":"https:\/\/casafreitas.pt\/loja\/wp-json\/wp\/v2\/product\/108796\/revisions\/108797"}],"wp:featuredmedia":[{"embeddable":true,"href":"https:\/\/casafreitas.pt\/loja\/wp-json\/wp\/v2\/media\/108795"}],"wp:attachment":[{"href":"https:\/\/casafreitas.pt\/loja\/wp-json\/wp\/v2\/media?parent=108796"}],"wp:term":[{"taxonomy":"product_brand","embeddable":true,"href":"https:\/\/casafreitas.pt\/loja\/wp-json\/wp\/v2\/product_brand?post=108796"},{"taxonomy":"product_cat","embeddable":true,"href":"https:\/\/casafreitas.pt\/loja\/wp-json\/wp\/v2\/product_cat?post=108796"},{"taxonomy":"product_tag","embeddable":true,"href":"https:\/\/casafreitas.pt\/loja\/wp-json\/wp\/v2\/product_tag?post=108796"}],"curies":[{"name":"wp","href":"https:\/\/api.w.org\/{rel}","templated":true}]}}