{"id":108793,"date":"2025-09-30T21:51:32","date_gmt":"2025-09-30T21:51:32","guid":{"rendered":"https:\/\/casafreitas.pt\/loja\/produto\/tabua-engomar-smart-114-x-34-cm\/"},"modified":"2025-10-28T23:39:02","modified_gmt":"2025-10-28T23:39:02","slug":"tabua-engomar-smart-114-x-34-cm","status":"publish","type":"product","link":"https:\/\/casafreitas.pt\/loja\/produto\/tabua-engomar-smart-114-x-34-cm\/","title":{"rendered":"T\u00e1bua de engomar smart 114 x 34 cm"},"content":{"rendered":"","protected":false},"excerpt":{"rendered":"<p>T\u00e1bua pequena, ligeira e f\u00e1cil de manejar. estrutura desenhada para deixar traspassar o vapor. com sistema de regula\u00e7\u00e3o de altura. engomado f\u00e1cil e est\u00e1vel. zona de engomar 114 x 34 cm<\/p>\n","protected":false},"featured_media":108792,"comment_status":"open","ping_status":"closed","template":"","meta":[],"product_brand":[],"product_cat":[13094,18003],"product_tag":[],"class_list":{"0":"post-108793","1":"product","2":"type-product","3":"status-publish","4":"has-post-thumbnail","6":"product_cat-acessorios-para-passar-roupa","7":"product_cat-casa-decoracao","9":"first","10":"instock","11":"taxable","12":"shipping-taxable","13":"purchasable","14":"product-type-simple"},"_links":{"self":[{"href":"https:\/\/casafreitas.pt\/loja\/wp-json\/wp\/v2\/product\/108793","targetHints":{"allow":["GET"]}}],"collection":[{"href":"https:\/\/casafreitas.pt\/loja\/wp-json\/wp\/v2\/product"}],"about":[{"href":"https:\/\/casafreitas.pt\/loja\/wp-json\/wp\/v2\/types\/product"}],"replies":[{"embeddable":true,"href":"https:\/\/casafreitas.pt\/loja\/wp-json\/wp\/v2\/comments?post=108793"}],"version-history":[{"count":1,"href":"https:\/\/casafreitas.pt\/loja\/wp-json\/wp\/v2\/product\/108793\/revisions"}],"predecessor-version":[{"id":108794,"href":"https:\/\/casafreitas.pt\/loja\/wp-json\/wp\/v2\/product\/108793\/revisions\/108794"}],"wp:featuredmedia":[{"embeddable":true,"href":"https:\/\/casafreitas.pt\/loja\/wp-json\/wp\/v2\/media\/108792"}],"wp:attachment":[{"href":"https:\/\/casafreitas.pt\/loja\/wp-json\/wp\/v2\/media?parent=108793"}],"wp:term":[{"taxonomy":"product_brand","embeddable":true,"href":"https:\/\/casafreitas.pt\/loja\/wp-json\/wp\/v2\/product_brand?post=108793"},{"taxonomy":"product_cat","embeddable":true,"href":"https:\/\/casafreitas.pt\/loja\/wp-json\/wp\/v2\/product_cat?post=108793"},{"taxonomy":"product_tag","embeddable":true,"href":"https:\/\/casafreitas.pt\/loja\/wp-json\/wp\/v2\/product_tag?post=108793"}],"curies":[{"name":"wp","href":"https:\/\/api.w.org\/{rel}","templated":true}]}}