{"id":108778,"date":"2025-09-30T21:50:10","date_gmt":"2025-09-30T21:50:10","guid":{"rendered":"https:\/\/casafreitas.pt\/loja\/produto\/capa-premium-2-en-1-para-tabua-passar-ferro-110-x-30-cm-130-x-45-cm\/"},"modified":"2025-10-24T02:42:33","modified_gmt":"2025-10-24T02:42:33","slug":"capa-premium-2-en-1-para-tabua-passar-ferro-110-x-30-cm-130-x-45-cm","status":"publish","type":"product","link":"https:\/\/casafreitas.pt\/loja\/produto\/capa-premium-2-en-1-para-tabua-passar-ferro-110-x-30-cm-130-x-45-cm\/","title":{"rendered":"Capa premium 2 en 1 para t\u00e1bua de passar a ferro 110 x 30 cm e 130 x 45 cm"},"content":{"rendered":"","protected":false},"excerpt":{"rendered":"<p>Capa extra grossa de m\u00e1xima comodidade e rapidez devido a sua estrutura de 3 capas: algod\u00e3o metalizado, moletom e espuma. fixa\u00e7\u00e3o f\u00e1cil com um clip. adapt\u00e1vel a todas t\u00e1buas com medidas de 110 x 30 cm e 130 x 45 cm<\/p>\n","protected":false},"featured_media":108777,"comment_status":"open","ping_status":"closed","template":"","meta":[],"product_brand":[],"product_cat":[13094,18003],"product_tag":[],"class_list":{"0":"post-108778","1":"product","2":"type-product","3":"status-publish","4":"has-post-thumbnail","6":"product_cat-acessorios-para-passar-roupa","7":"product_cat-casa-decoracao","9":"first","10":"instock","11":"taxable","12":"shipping-taxable","13":"purchasable","14":"product-type-simple"},"_links":{"self":[{"href":"https:\/\/casafreitas.pt\/loja\/wp-json\/wp\/v2\/product\/108778","targetHints":{"allow":["GET"]}}],"collection":[{"href":"https:\/\/casafreitas.pt\/loja\/wp-json\/wp\/v2\/product"}],"about":[{"href":"https:\/\/casafreitas.pt\/loja\/wp-json\/wp\/v2\/types\/product"}],"replies":[{"embeddable":true,"href":"https:\/\/casafreitas.pt\/loja\/wp-json\/wp\/v2\/comments?post=108778"}],"version-history":[{"count":1,"href":"https:\/\/casafreitas.pt\/loja\/wp-json\/wp\/v2\/product\/108778\/revisions"}],"predecessor-version":[{"id":108779,"href":"https:\/\/casafreitas.pt\/loja\/wp-json\/wp\/v2\/product\/108778\/revisions\/108779"}],"wp:featuredmedia":[{"embeddable":true,"href":"https:\/\/casafreitas.pt\/loja\/wp-json\/wp\/v2\/media\/108777"}],"wp:attachment":[{"href":"https:\/\/casafreitas.pt\/loja\/wp-json\/wp\/v2\/media?parent=108778"}],"wp:term":[{"taxonomy":"product_brand","embeddable":true,"href":"https:\/\/casafreitas.pt\/loja\/wp-json\/wp\/v2\/product_brand?post=108778"},{"taxonomy":"product_cat","embeddable":true,"href":"https:\/\/casafreitas.pt\/loja\/wp-json\/wp\/v2\/product_cat?post=108778"},{"taxonomy":"product_tag","embeddable":true,"href":"https:\/\/casafreitas.pt\/loja\/wp-json\/wp\/v2\/product_tag?post=108778"}],"curies":[{"name":"wp","href":"https:\/\/api.w.org\/{rel}","templated":true}]}}