{"id":108754,"date":"2025-09-30T21:48:01","date_gmt":"2025-09-30T21:48:01","guid":{"rendered":"https:\/\/casafreitas.pt\/loja\/produto\/estendal-parede-basic-c-2-poleias-branco-25-x-5-x-5-cm\/"},"modified":"2025-10-24T02:42:32","modified_gmt":"2025-10-24T02:42:32","slug":"estendal-parede-basic-c-2-poleias-branco-25-x-5-x-5-cm","status":"publish","type":"product","link":"https:\/\/casafreitas.pt\/loja\/produto\/estendal-parede-basic-c-2-poleias-branco-25-x-5-x-5-cm\/","title":{"rendered":"Estendal de parede basic c\/2 poleias branco 25 x 5 x 5 cm"},"content":{"rendered":"","protected":false},"excerpt":{"rendered":"<p>Estendal de parede basic c\/2 poleias branco. simples mas muito pr\u00e1tico para instalar junto ao teto, aproveitando o espa\u00e7o entre paredes, por exemplo numa garragem, lavandaria, varanda. material: ferro com acabament em tinta epoxi. uso interior e exterior.corda n\u00e3o inclu\u00edda \u00e9 recomendado \u00f83 mm a \u00f85 mm. dimens\u00f5es 25 x 5 x 5 cm<\/p>\n","protected":false},"featured_media":108753,"comment_status":"open","ping_status":"closed","template":"","meta":[],"product_brand":[],"product_cat":[17701,18003],"product_tag":[],"class_list":{"0":"post-108754","1":"product","2":"type-product","3":"status-publish","4":"has-post-thumbnail","6":"product_cat-estendais-casa-e-decoracao","7":"product_cat-casa-decoracao","9":"first","10":"instock","11":"taxable","12":"shipping-taxable","13":"purchasable","14":"product-type-simple"},"_links":{"self":[{"href":"https:\/\/casafreitas.pt\/loja\/wp-json\/wp\/v2\/product\/108754","targetHints":{"allow":["GET"]}}],"collection":[{"href":"https:\/\/casafreitas.pt\/loja\/wp-json\/wp\/v2\/product"}],"about":[{"href":"https:\/\/casafreitas.pt\/loja\/wp-json\/wp\/v2\/types\/product"}],"replies":[{"embeddable":true,"href":"https:\/\/casafreitas.pt\/loja\/wp-json\/wp\/v2\/comments?post=108754"}],"version-history":[{"count":1,"href":"https:\/\/casafreitas.pt\/loja\/wp-json\/wp\/v2\/product\/108754\/revisions"}],"predecessor-version":[{"id":108755,"href":"https:\/\/casafreitas.pt\/loja\/wp-json\/wp\/v2\/product\/108754\/revisions\/108755"}],"wp:featuredmedia":[{"embeddable":true,"href":"https:\/\/casafreitas.pt\/loja\/wp-json\/wp\/v2\/media\/108753"}],"wp:attachment":[{"href":"https:\/\/casafreitas.pt\/loja\/wp-json\/wp\/v2\/media?parent=108754"}],"wp:term":[{"taxonomy":"product_brand","embeddable":true,"href":"https:\/\/casafreitas.pt\/loja\/wp-json\/wp\/v2\/product_brand?post=108754"},{"taxonomy":"product_cat","embeddable":true,"href":"https:\/\/casafreitas.pt\/loja\/wp-json\/wp\/v2\/product_cat?post=108754"},{"taxonomy":"product_tag","embeddable":true,"href":"https:\/\/casafreitas.pt\/loja\/wp-json\/wp\/v2\/product_tag?post=108754"}],"curies":[{"name":"wp","href":"https:\/\/api.w.org\/{rel}","templated":true}]}}