{"id":108694,"date":"2025-09-30T21:42:24","date_gmt":"2025-09-30T21:42:24","guid":{"rendered":"https:\/\/casafreitas.pt\/loja\/produto\/medidor-tensao-digital-pulso-laica-bm1006-branco\/"},"modified":"2025-10-24T02:42:28","modified_gmt":"2025-10-24T02:42:28","slug":"medidor-tensao-digital-pulso-laica-bm1006-branco","status":"publish","type":"product","link":"https:\/\/casafreitas.pt\/loja\/produto\/medidor-tensao-digital-pulso-laica-bm1006-branco\/","title":{"rendered":"Medidor de tens\u00e3o digital pulso laica bm1006 branco"},"content":{"rendered":"","protected":false},"excerpt":{"rendered":"<p>Medidor de tens\u00e3o digital pulso laica bm1006 branco este dispositivo permite medir rapidamente a sua press\u00e3o arterial na sua casa, medi\u00e7\u00e3o r\u00e1pida da press\u00e3o arterial s\u00edstole, di\u00e1stole, frequ\u00eancia cardiaca e indica qualquer arritmia. 60 registros para 2 pessoas. capa incluida, ecr\u00e3 grande lcd 7,7&#215;6,2&#215;6,5cm 180g 2xaaa incluidas<\/p>\n","protected":false},"featured_media":108693,"comment_status":"open","ping_status":"closed","template":"","meta":[],"product_brand":[],"product_cat":[17388,8800],"product_tag":[],"class_list":{"0":"post-108694","1":"product","2":"type-product","3":"status-publish","4":"has-post-thumbnail","6":"product_cat-beleza-saude-pequenos-domesticos","7":"product_cat-pequenos-domesticos","9":"first","10":"instock","11":"taxable","12":"shipping-taxable","13":"purchasable","14":"product-type-simple"},"_links":{"self":[{"href":"https:\/\/casafreitas.pt\/loja\/wp-json\/wp\/v2\/product\/108694","targetHints":{"allow":["GET"]}}],"collection":[{"href":"https:\/\/casafreitas.pt\/loja\/wp-json\/wp\/v2\/product"}],"about":[{"href":"https:\/\/casafreitas.pt\/loja\/wp-json\/wp\/v2\/types\/product"}],"replies":[{"embeddable":true,"href":"https:\/\/casafreitas.pt\/loja\/wp-json\/wp\/v2\/comments?post=108694"}],"version-history":[{"count":1,"href":"https:\/\/casafreitas.pt\/loja\/wp-json\/wp\/v2\/product\/108694\/revisions"}],"predecessor-version":[{"id":108695,"href":"https:\/\/casafreitas.pt\/loja\/wp-json\/wp\/v2\/product\/108694\/revisions\/108695"}],"wp:featuredmedia":[{"embeddable":true,"href":"https:\/\/casafreitas.pt\/loja\/wp-json\/wp\/v2\/media\/108693"}],"wp:attachment":[{"href":"https:\/\/casafreitas.pt\/loja\/wp-json\/wp\/v2\/media?parent=108694"}],"wp:term":[{"taxonomy":"product_brand","embeddable":true,"href":"https:\/\/casafreitas.pt\/loja\/wp-json\/wp\/v2\/product_brand?post=108694"},{"taxonomy":"product_cat","embeddable":true,"href":"https:\/\/casafreitas.pt\/loja\/wp-json\/wp\/v2\/product_cat?post=108694"},{"taxonomy":"product_tag","embeddable":true,"href":"https:\/\/casafreitas.pt\/loja\/wp-json\/wp\/v2\/product_tag?post=108694"}],"curies":[{"name":"wp","href":"https:\/\/api.w.org\/{rel}","templated":true}]}}