{"id":108682,"date":"2025-09-30T21:40:49","date_gmt":"2025-09-30T21:40:49","guid":{"rendered":"https:\/\/casafreitas.pt\/loja\/produto\/ult-unidades-estendal-telepack-100-superficie-7-m\/"},"modified":"2025-10-24T02:42:28","modified_gmt":"2025-10-24T02:42:28","slug":"ult-unidades-estendal-telepack-100-superficie-7-m","status":"publish","type":"product","link":"https:\/\/casafreitas.pt\/loja\/produto\/ult-unidades-estendal-telepack-100-superficie-7-m\/","title":{"rendered":"*ult. unidades* estendal telepack 100, superf\u00edcie 7 m"},"content":{"rendered":"","protected":false},"excerpt":{"rendered":"<p>*ult. unidades* estendal telepack 100, superf\u00edcie para estender a roupa de 7 m. feito de resina com var\u00f5es de alum\u00ednio. multifuncional, pode ser usado como prateleira ou toalheiro. parafusos e buchas inclu\u00eddos. ideal para banheiros ou terra\u00e7os. carga m\u00e1xima 7 kg, dimens\u00f5es 100 x 38 cm<\/p>\n","protected":false},"featured_media":108681,"comment_status":"open","ping_status":"closed","template":"","meta":[],"product_brand":[],"product_cat":[17701,18003],"product_tag":[],"class_list":{"0":"post-108682","1":"product","2":"type-product","3":"status-publish","4":"has-post-thumbnail","6":"product_cat-estendais-casa-e-decoracao","7":"product_cat-casa-decoracao","9":"first","10":"instock","11":"taxable","12":"shipping-taxable","13":"purchasable","14":"product-type-simple"},"_links":{"self":[{"href":"https:\/\/casafreitas.pt\/loja\/wp-json\/wp\/v2\/product\/108682","targetHints":{"allow":["GET"]}}],"collection":[{"href":"https:\/\/casafreitas.pt\/loja\/wp-json\/wp\/v2\/product"}],"about":[{"href":"https:\/\/casafreitas.pt\/loja\/wp-json\/wp\/v2\/types\/product"}],"replies":[{"embeddable":true,"href":"https:\/\/casafreitas.pt\/loja\/wp-json\/wp\/v2\/comments?post=108682"}],"version-history":[{"count":1,"href":"https:\/\/casafreitas.pt\/loja\/wp-json\/wp\/v2\/product\/108682\/revisions"}],"predecessor-version":[{"id":108683,"href":"https:\/\/casafreitas.pt\/loja\/wp-json\/wp\/v2\/product\/108682\/revisions\/108683"}],"wp:featuredmedia":[{"embeddable":true,"href":"https:\/\/casafreitas.pt\/loja\/wp-json\/wp\/v2\/media\/108681"}],"wp:attachment":[{"href":"https:\/\/casafreitas.pt\/loja\/wp-json\/wp\/v2\/media?parent=108682"}],"wp:term":[{"taxonomy":"product_brand","embeddable":true,"href":"https:\/\/casafreitas.pt\/loja\/wp-json\/wp\/v2\/product_brand?post=108682"},{"taxonomy":"product_cat","embeddable":true,"href":"https:\/\/casafreitas.pt\/loja\/wp-json\/wp\/v2\/product_cat?post=108682"},{"taxonomy":"product_tag","embeddable":true,"href":"https:\/\/casafreitas.pt\/loja\/wp-json\/wp\/v2\/product_tag?post=108682"}],"curies":[{"name":"wp","href":"https:\/\/api.w.org\/{rel}","templated":true}]}}