{"id":108637,"date":"2025-09-30T21:36:44","date_gmt":"2025-09-30T21:36:44","guid":{"rendered":"https:\/\/casafreitas.pt\/loja\/produto\/grelha-extensivel-cromada-para-forno-385cm-ate-55x31-5cm\/"},"modified":"2025-10-24T02:42:23","modified_gmt":"2025-10-24T02:42:23","slug":"grelha-extensivel-cromada-para-forno-385cm-ate-55x31-5cm","status":"publish","type":"product","link":"https:\/\/casafreitas.pt\/loja\/produto\/grelha-extensivel-cromada-para-forno-385cm-ate-55x31-5cm\/","title":{"rendered":"Grelha extens\u00edvel cromada para forno de 38,5cm at\u00e9 55&#215;31.5cm"},"content":{"rendered":"","protected":false},"excerpt":{"rendered":"<p>Grelha extens\u00edvel cromada para forno de 38,5cm at\u00e9 55&#215;31.5cm<\/p>\n","protected":false},"featured_media":108636,"comment_status":"open","ping_status":"closed","template":"","meta":[],"product_brand":[],"product_cat":[13100,8800],"product_tag":[],"class_list":{"0":"post-108637","1":"product","2":"type-product","3":"status-publish","4":"has-post-thumbnail","6":"product_cat-acessorios-para-pequenos-aparelhos-electricos","7":"product_cat-pequenos-domesticos","9":"first","10":"instock","11":"taxable","12":"shipping-taxable","13":"purchasable","14":"product-type-simple"},"_links":{"self":[{"href":"https:\/\/casafreitas.pt\/loja\/wp-json\/wp\/v2\/product\/108637","targetHints":{"allow":["GET"]}}],"collection":[{"href":"https:\/\/casafreitas.pt\/loja\/wp-json\/wp\/v2\/product"}],"about":[{"href":"https:\/\/casafreitas.pt\/loja\/wp-json\/wp\/v2\/types\/product"}],"replies":[{"embeddable":true,"href":"https:\/\/casafreitas.pt\/loja\/wp-json\/wp\/v2\/comments?post=108637"}],"version-history":[{"count":1,"href":"https:\/\/casafreitas.pt\/loja\/wp-json\/wp\/v2\/product\/108637\/revisions"}],"predecessor-version":[{"id":108638,"href":"https:\/\/casafreitas.pt\/loja\/wp-json\/wp\/v2\/product\/108637\/revisions\/108638"}],"wp:featuredmedia":[{"embeddable":true,"href":"https:\/\/casafreitas.pt\/loja\/wp-json\/wp\/v2\/media\/108636"}],"wp:attachment":[{"href":"https:\/\/casafreitas.pt\/loja\/wp-json\/wp\/v2\/media?parent=108637"}],"wp:term":[{"taxonomy":"product_brand","embeddable":true,"href":"https:\/\/casafreitas.pt\/loja\/wp-json\/wp\/v2\/product_brand?post=108637"},{"taxonomy":"product_cat","embeddable":true,"href":"https:\/\/casafreitas.pt\/loja\/wp-json\/wp\/v2\/product_cat?post=108637"},{"taxonomy":"product_tag","embeddable":true,"href":"https:\/\/casafreitas.pt\/loja\/wp-json\/wp\/v2\/product_tag?post=108637"}],"curies":[{"name":"wp","href":"https:\/\/api.w.org\/{rel}","templated":true}]}}