{"id":108331,"date":"2025-09-30T21:11:27","date_gmt":"2025-09-30T21:11:27","guid":{"rendered":"https:\/\/casafreitas.pt\/loja\/produto\/mala-tote-bag-serie-black-shadow\/"},"modified":"2025-10-24T02:42:07","modified_gmt":"2025-10-24T02:42:07","slug":"mala-tote-bag-serie-black-shadow","status":"publish","type":"product","link":"https:\/\/casafreitas.pt\/loja\/produto\/mala-tote-bag-serie-black-shadow\/","title":{"rendered":"Mala tote bag s\u00e9rie black shadow"},"content":{"rendered":"","protected":false},"excerpt":{"rendered":"<p>Mala tote bag de tecido com fecho de cord\u00e3o. leve e ideal para compras, como mala tiracolo ou para transportar os essenciais do dia a dia. al\u00e7as em tecido. estilo minimalista e discreto. s\u00e9rie shadow em cor preta. tecido de poli\u00e9ster macio, ligeiramente brilhante e agrad\u00e1vel ao tato. log\u00f3tipo preto fosco. composi\u00e7\u00e3o: poli\u00e9ster capacidade: 5 l. dimens\u00f5es: 40 x 35 x 7 cm<\/p>\n","protected":false},"featured_media":108330,"comment_status":"open","ping_status":"closed","template":"","meta":[],"product_brand":[],"product_cat":[17988,18007],"product_tag":[12517],"class_list":{"0":"post-108331","1":"product","2":"type-product","3":"status-publish","4":"has-post-thumbnail","6":"product_cat-mochilas-estojos-escritorio-e-papelaria","7":"product_cat-escritorio-papelaria","8":"product_tag-milan","10":"first","11":"instock","12":"taxable","13":"shipping-taxable","14":"purchasable","15":"product-type-simple"},"_links":{"self":[{"href":"https:\/\/casafreitas.pt\/loja\/wp-json\/wp\/v2\/product\/108331","targetHints":{"allow":["GET"]}}],"collection":[{"href":"https:\/\/casafreitas.pt\/loja\/wp-json\/wp\/v2\/product"}],"about":[{"href":"https:\/\/casafreitas.pt\/loja\/wp-json\/wp\/v2\/types\/product"}],"replies":[{"embeddable":true,"href":"https:\/\/casafreitas.pt\/loja\/wp-json\/wp\/v2\/comments?post=108331"}],"version-history":[{"count":1,"href":"https:\/\/casafreitas.pt\/loja\/wp-json\/wp\/v2\/product\/108331\/revisions"}],"predecessor-version":[{"id":108332,"href":"https:\/\/casafreitas.pt\/loja\/wp-json\/wp\/v2\/product\/108331\/revisions\/108332"}],"wp:featuredmedia":[{"embeddable":true,"href":"https:\/\/casafreitas.pt\/loja\/wp-json\/wp\/v2\/media\/108330"}],"wp:attachment":[{"href":"https:\/\/casafreitas.pt\/loja\/wp-json\/wp\/v2\/media?parent=108331"}],"wp:term":[{"taxonomy":"product_brand","embeddable":true,"href":"https:\/\/casafreitas.pt\/loja\/wp-json\/wp\/v2\/product_brand?post=108331"},{"taxonomy":"product_cat","embeddable":true,"href":"https:\/\/casafreitas.pt\/loja\/wp-json\/wp\/v2\/product_cat?post=108331"},{"taxonomy":"product_tag","embeddable":true,"href":"https:\/\/casafreitas.pt\/loja\/wp-json\/wp\/v2\/product_tag?post=108331"}],"curies":[{"name":"wp","href":"https:\/\/api.w.org\/{rel}","templated":true}]}}