{"id":107095,"date":"2025-09-30T19:35:35","date_gmt":"2025-09-30T19:35:35","guid":{"rendered":"https:\/\/casafreitas.pt\/loja\/produto\/terminal-cilindrico-o4-mm-femea-isolado-saco-100-unidades\/"},"modified":"2025-11-15T22:03:23","modified_gmt":"2025-11-15T22:03:23","slug":"terminal-cilindrico-o4-mm-femea-isolado-saco-100-unidades","status":"publish","type":"product","link":"https:\/\/casafreitas.pt\/loja\/produto\/terminal-cilindrico-o4-mm-femea-isolado-saco-100-unidades\/","title":{"rendered":"Terminal cil\u00edndrico \u00f84 mm f\u00eamea isolado, saco 100 unidades"},"content":{"rendered":"","protected":false},"excerpt":{"rendered":"<p>Terminal cil\u00edndrico \u00f84 mm f\u00eamea isolado, saco 100 unidades<\/p>\n","protected":false},"featured_media":107094,"comment_status":"open","ping_status":"closed","template":"","meta":[],"product_brand":[],"product_cat":[1748,17352],"product_tag":[],"class_list":{"0":"post-107095","1":"product","2":"type-product","3":"status-publish","4":"has-post-thumbnail","6":"product_cat-acessorios-e-baterias-e-material-eletrico","7":"product_cat-terminais-e-pontas-acessorios-e-baterias-e-material-eletrico","9":"first","10":"instock","11":"taxable","12":"shipping-taxable","13":"purchasable","14":"product-type-simple"},"_links":{"self":[{"href":"https:\/\/casafreitas.pt\/loja\/wp-json\/wp\/v2\/product\/107095","targetHints":{"allow":["GET"]}}],"collection":[{"href":"https:\/\/casafreitas.pt\/loja\/wp-json\/wp\/v2\/product"}],"about":[{"href":"https:\/\/casafreitas.pt\/loja\/wp-json\/wp\/v2\/types\/product"}],"replies":[{"embeddable":true,"href":"https:\/\/casafreitas.pt\/loja\/wp-json\/wp\/v2\/comments?post=107095"}],"version-history":[{"count":1,"href":"https:\/\/casafreitas.pt\/loja\/wp-json\/wp\/v2\/product\/107095\/revisions"}],"predecessor-version":[{"id":107096,"href":"https:\/\/casafreitas.pt\/loja\/wp-json\/wp\/v2\/product\/107095\/revisions\/107096"}],"wp:featuredmedia":[{"embeddable":true,"href":"https:\/\/casafreitas.pt\/loja\/wp-json\/wp\/v2\/media\/107094"}],"wp:attachment":[{"href":"https:\/\/casafreitas.pt\/loja\/wp-json\/wp\/v2\/media?parent=107095"}],"wp:term":[{"taxonomy":"product_brand","embeddable":true,"href":"https:\/\/casafreitas.pt\/loja\/wp-json\/wp\/v2\/product_brand?post=107095"},{"taxonomy":"product_cat","embeddable":true,"href":"https:\/\/casafreitas.pt\/loja\/wp-json\/wp\/v2\/product_cat?post=107095"},{"taxonomy":"product_tag","embeddable":true,"href":"https:\/\/casafreitas.pt\/loja\/wp-json\/wp\/v2\/product_tag?post=107095"}],"curies":[{"name":"wp","href":"https:\/\/api.w.org\/{rel}","templated":true}]}}